{"id":41,"date":"2017-03-22T10:00:08","date_gmt":"2017-03-22T14:00:08","guid":{"rendered":"https:\/\/health.uconn.edu\/synapse\/?page_id=41"},"modified":"2026-01-20T12:09:47","modified_gmt":"2026-01-20T17:09:47","slug":"publications","status":"publish","type":"page","link":"https:\/\/health.uconn.edu\/synapse\/publications\/","title":{"rendered":"Publications"},"content":{"rendered":"<p><a href=\"https:\/\/www.scopus.com\/authid\/detail.uri?authorId=16317052600\">List of Publications &#8211; Scopus<\/a><\/p>\n<h3>Journal Articles<\/h3>\n<ul style=\"list-style-type: square\">\n<li><a href=\"https:\/\/pubmed.ncbi.nlm.nih.gov\/41495486\/\">Backbone resonance assignment of the pentraxin domain of the neuronal pentraxin receptor (NPTXR)<\/a> Pozhidaeva, Li, Pustovalova, Hoch, Martinelli, Simon, Hao. Springer Nature 2026<\/li>\n<li><a href=\"https:\/\/www.sciencedirect.com\/science\/article\/pii\/S0304394025001934?via%3Dihub\">C1ql3 promotes cognitive flexibility behavior in mice<\/a> Caro, Religa, Alam, Cristino, Kamat, Rybczyk, Cheung, Ugrak, Spellman, Martinelli. Neuroscience Letters. August 2025<\/li>\n<li><a href=\"https:\/\/pubmed.ncbi.nlm.nih.gov\/39658623\/\">Stepwise molecular specification of synapse diversity onto cellular Purkinje cells<\/a> Paul, Sigoillt, Marti, Quiroz, Delegrange, Cheung, Martinelli, Oriol, Hakim, Mailly, Selimi. PubMed February 2025<\/li>\n<li><a href=\"https:\/\/pubmed.ncbi.nlm.nih.gov\/39257292\/\">C1ql1 expression in oligodendrocyte progenitor cells promotes oligodendrocyte differentiation<\/a> Altunay, Biswas, Cheung, Pijewski, Papile, Akinlaja, Tang, Cresic, Schouw, Ugrak, Caro, Palomino, Ressl, Nishiyama, Crocker, and Martinelli. FEBS Journal 2024.<\/li>\n<\/ul>\n<div>\n<ul style=\"list-style-type: square\">\n<li><a href=\"https:\/\/pubmed.ncbi.nlm.nih.gov\/38858133\/\"><span>Creation of a novel CRISPR-generated allele to express HA epitope-tagged C1QL1 and improved methods for its detection at synapses <\/span><\/a>Cheung, Schouw, Altunay, Maddox, Kresic, McAllister, Caro, Alam, Huang, Pijewski, Lee, and Martinelli. <span data-olk-copy-source=\"MessageBody\">FEBS Journal 2024 Oct;598(19):2417-2437.<\/span><\/li>\n<li><a href=\"https:\/\/doi.org\/10.1371\/journal.pone.0251412\" target=\"_blank\" rel=\"noopener noreferrer\">C1ql1 is expressed in adult outer hair cells of the cochlea in a tonotopic gradient.<\/a>\n<div>Biswas, Pijewski, Makol, Miramontes, Thompson, Kresic, Burghard, Oliver, &amp; Martinelli. PLoS ONE<span>.\u00a0<\/span><span class=\"pubYear\">2021<\/span><span>; 16(5): e0251412.<\/span><\/div>\n<\/li>\n<li><a href=\"https:\/\/pubmed.ncbi.nlm.nih.gov\/33337553\/\">C1QL3 promotes cell-cell adhesion by mediating complex formation between ADGRB3\/BAI3 and neuronal pentraxins.<\/a><br \/>\nSticco, Pe\u00f1a Palomino, Lukacsovich, Thompson, F\u00f6ldy, Ressl, &amp; Martinelli. FASEB J.\u00a02021;\u00a035:e21194.<\/li>\n<li><a href=\"https:\/\/www.ncbi.nlm.nih.gov\/pubmed\/32032526\" target=\"_blank\" rel=\"noopener noreferrer\">Defining the adult neural stem cell niche proteome identifies key regulators of adult neurogenesis.<\/a>\n<div>Kjell,<span>\u00a0<\/span>Fischer-Sternjak<span>,\u00a0<\/span>Thompson<span>,\u00a0<\/span>Friess<span>,\u00a0<\/span>Sticco<span>,\u00a0<\/span>Salinas<span>,\u00a0<\/span>Cox<span>,\u00a0<\/span><span class=\"highlight\">Martinelli<\/span><span>,\u00a0<\/span>Ninkovic<span>,\u00a0<\/span>Franze<span>,\u00a0<\/span>Schiller<span>, &amp; <\/span>G\u00f6tz. Cell Stem Cell. 2020 Feb;<span>26(2):277-293.e8<\/span><\/div>\n<\/li>\n<li><a href=\"https:\/\/www.ncbi.nlm.nih.gov\/pubmed\/31689372\" target=\"_blank\" rel=\"noopener noreferrer\">FAM19A1, a brain-enriched and metabolically responsive neurokine, regulates food intake patterns and mouse behaviors.<\/a>\n<div>Lei<span>,\u00a0<\/span>Liu<span>,\u00a0<\/span>Terrillion<span>,\u00a0<\/span>Karuppagounder<span>,\u00a0<\/span>Cisternas<span>,\u00a0<\/span>Lay<span>,\u00a0<\/span><span class=\"highlight\">Martinelli<\/span><span>,\u00a0<\/span>Aja<span>,\u00a0<\/span>Dong<span>,\u00a0<\/span>Pletnikov<span>, &amp; <\/span>Wong<span>. FASEB J. 2019 Dec;33(12):14734-14747<\/span><\/div>\n<\/li>\n<li class=\"ui-corner-top\"><a href=\"http:\/\/www.ncbi.nlm.nih.gov\/pubmed\/28553739\" target=\"_blank\" rel=\"noopener noreferrer\">Anatomical and behavioral investigation of C1ql3 in the mouse suprachiasmatic nucleus.<\/a>\n<div><span id=\"publication-authors\">Chew, Kylie S; Fernandez, Diego C; Hattar, Samer; S\u00fcdhof, Thomas C; Martinelli, David C.<\/span> <span id=\"publication-journal\">Journal of Biological Rhythms.<\/span> <span id=\"publication-year\">2017 May;<span>32(3):222-236<\/span><\/span><\/div>\n<\/li>\n<li class=\"ui-corner-top\"><a href=\"http:\/\/www.ncbi.nlm.nih.gov\/pubmed\/27478018\" target=\"_blank\" rel=\"noopener noreferrer\"><span style=\"font-size: small\">Expression of C1ql3 in Discrete Neuronal Populations Controls Efferent Synapse Numbers and\u00a0Diverse Behaviors.<\/span><\/a>\n<div><span id=\"publication-authors\">Martinelli**, Chew, Rohlmann, Lum, Ressl, Hattar, Brunger, Missler, &amp; S\u00fcdhof. **corresponding author.<\/span> <span id=\"publication-journal\">Neuron.<\/span> <span id=\"publication-year\">2016 Sep;<\/span><span id=\"publication-volume\">91<\/span><span id=\"publication-issue\">(5):<\/span><span id=\"publication-pages\">1034-51<\/span><\/div>\n<\/li>\n<li class=\"ui-corner-top\"><a href=\"http:\/\/www.ncbi.nlm.nih.gov\/pubmed\/25752542\" target=\"_blank\" rel=\"noopener noreferrer\"><span style=\"font-size: small\">Structures of C1q-like proteins reveal unique features among the C1q\/TNF superfamily.<\/span><\/a>\n<div><span id=\"publication-authors\">Ressl, Vu, Vivona, Martinelli, S\u00fcdhof, &amp; Brunger.<\/span> <span id=\"publication-journal\">Structure.<\/span> <span id=\"publication-year\">2015 Apr;<\/span><span id=\"publication-volume\">23<\/span><span id=\"publication-issue\">(4):<\/span><span id=\"publication-pages\">688-99<\/span><\/div>\n<\/li>\n<li class=\"ui-corner-top\"><a href=\"http:\/\/www.ncbi.nlm.nih.gov\/pubmed\/25535338\" target=\"_blank\" rel=\"noopener noreferrer\"><span style=\"font-size: small\">Gas1 is a receptor for sonic hedgehog to repel enteric axons.<\/span><\/a>\n<div><span id=\"publication-authors\">Jin, Martinelli, Zheng, Tessier-Lavigne, &amp; Fan.<\/span> <span id=\"publication-journal\">P.N.A.S.<\/span> <span id=\"publication-year\">2015 Jan;<\/span><span id=\"publication-volume\">112<\/span><span id=\"publication-issue\">(1):<\/span><span id=\"publication-pages\">E73-80<\/span><\/div>\n<\/li>\n<li class=\"ui-corner-top\"><a href=\"http:\/\/www.ncbi.nlm.nih.gov\/pubmed\/23827676\" target=\"_blank\" rel=\"noopener noreferrer\"><span style=\"font-size: small\">Presynaptic neurexin-3 alternative splicing trans-synaptically controls postsynaptic AMPA receptor trafficking.<\/span><\/a>\n<div><span id=\"publication-authors\">Aoto, Martinelli, Malenka, Tabuchi, &amp; S\u00fcdhof.<\/span> <span id=\"publication-journal\">Cell.<\/span> <span id=\"publication-year\">2013 Jul;<\/span><span id=\"publication-volume\">154<\/span><span id=\"publication-issue\">(1):<\/span><span id=\"publication-pages\">75-88<\/span><\/div>\n<\/li>\n<li class=\"ui-corner-top\"><a href=\"http:\/\/www.ncbi.nlm.nih.gov\/pubmed\/21262840\" target=\"_blank\" rel=\"noopener noreferrer\"><span style=\"font-size: small\">The cell-adhesion G protein-coupled receptor BAI3 is a high-affinity receptor for C1q-like proteins.<\/span><\/a>\n<div><span id=\"publication-authors\">Bolliger*, Martinelli*, &amp; S\u00fcdhof. *equal contribution.<\/span> <span id=\"publication-journal\">P.N.A.S.<\/span> <span id=\"publication-year\">2011 Feb;<\/span><span id=\"publication-volume\">108<\/span><span id=\"publication-issue\">(6):<\/span><span id=\"publication-pages\">2534-9<\/span><\/div>\n<\/li>\n<li class=\"ui-corner-top\"><a href=\"http:\/\/www.ncbi.nlm.nih.gov\/pubmed\/19478089\" target=\"_blank\" rel=\"noopener noreferrer\"><span style=\"font-size: small\">A sonic hedgehog missense mutation associated with holoprosencephaly causes defective binding to GAS1.<\/span><\/a>\n<div><span id=\"publication-authors\">Martinelli &amp; Fan.<\/span> <span id=\"publication-journal\">The Journal of Biological Chemistry.<\/span> <span id=\"publication-year\">2009 Jul;<\/span><span id=\"publication-volume\">284<\/span><span id=\"publication-issue\">(29):<\/span><span id=\"publication-pages\">19169-72<\/span><\/div>\n<\/li>\n<li class=\"ui-corner-top\"><a href=\"http:\/\/www.ncbi.nlm.nih.gov\/pubmed\/19211681\" target=\"_blank\" rel=\"noopener noreferrer\"><span style=\"font-size: small\">Primary cilia regulate Shh activity in the control of molar tooth number.<\/span><\/a>\n<div><span id=\"publication-authors\">Ohazama, Haycraft, Seppala, Blackburn, Cobourne, Ghafoor, Martinelli, Fan, Peterkova, Lesot, Yoder, &amp; Sharpe.<\/span> <span id=\"publication-journal\">Development.<\/span> <span id=\"publication-year\">2009 Mar;<\/span><span id=\"publication-volume\">136<\/span><span id=\"publication-issue\">(6):<\/span><span id=\"publication-pages\">897-903<\/span><\/div>\n<\/li>\n<li class=\"ui-corner-top\"><a href=\"http:\/\/www.ncbi.nlm.nih.gov\/pubmed\/17525797\" target=\"_blank\" rel=\"noopener noreferrer\"><span style=\"font-size: small\">Gas1 is a modifier for holoprosencephaly and genetically interacts with sonic hedgehog.<\/span><\/a>\n<div><span id=\"publication-authors\">Seppala, Depew, Martinelli, Fan, Sharpe, &amp; Cobourne.<\/span> <span id=\"publication-journal\">The Journal of Clinical Investigation.<\/span> <span id=\"publication-year\">2007 Jun;<\/span><span id=\"publication-volume\">117<\/span><span id=\"publication-issue\">(6):<\/span><span id=\"publication-pages\">1575-84<\/span><\/div>\n<\/li>\n<li class=\"ui-corner-top\"><a href=\"http:\/\/www.ncbi.nlm.nih.gov\/pubmed\/17504940\" target=\"_blank\" rel=\"noopener noreferrer\"><span style=\"font-size: small\">Gas1 extends the range of Hedgehog action by facilitating its signaling.<\/span><\/a>\n<div><span id=\"publication-authors\">Martinelli &amp; Fan.<\/span> <span id=\"publication-journal\">Genes &amp; Development.<\/span> <span id=\"publication-year\">2007 May;<\/span><span id=\"publication-volume\">21<\/span><span id=\"publication-issue\">(10):<\/span><span id=\"publication-pages\">1231-43<\/span><\/div>\n<\/li>\n<\/ul>\n<\/div>\n<h3>Reviews<\/h3>\n<ul>\n<li><a href=\"https:\/\/www.sciencedirect.com\/science\/article\/pii\/S0031699726000049?via%3Dihub\">Adhesion G protein-coupled receptors<\/a> Longenhan, Anderson, Arac, Aust, Zozaya, Bagger, Barth, Berndt, Blacklow, Redondo, Boucard, Bridges, Brodmerkel, Caron, Chung, Dates, Farias, Toro, Duman,\u00a0 Engel, Favara, Formstone, Fu, Bayonas, Georgiadi, Gloriam, Hall, Hamaan, Hildebrand, Hsiao, Huang, Javitch, Kim, Kittel, Kleinau. Leduc, Leibscher, Lin, Linnert, Ludwig, Martinelli, Mathiasen, Matus, Melkumyan, Salinas, Mulder, Nash, Pal, Pederick, Hauser, Piao, Ping, Placantonakis, Pohl, Promel, Rosenkilde, Sabbagh, Sando,\u00a0 Sheerer, Schoneberg, Seiradake, Selcho, Seufert, Singh, Skiniotis, Spiess, Strater, Strutt, Sudholf, Sun, Tall, Thor, Tilley, Tolias, Vallon, Meir, Vanhollebeke, Wiggin, Wolfrum, Yan, Zaidman, Zou, Scholz. Pharmacological Reviews. 2026 Jan<\/li>\n<\/ul>\n<div>\n<ul style=\"list-style-type: disc\">\n<li class=\"ui-corner-top\"><a href=\"http:\/\/www.ncbi.nlm.nih.gov\/pubmed\/25713288\" target=\"_blank\" rel=\"noopener noreferrer\"><span style=\"font-size: small\">International Union of Basic and Clinical Pharmacology. XCIV. Adhesion G protein-coupled receptors.<\/span><\/a>\n<div><span id=\"publication-authors\">Hamann, Aust, Ara\u00e7, Engel, Formstone, Fredriksson, Hall, Harty, Kirchhoff, Knapp, Krishnan, Liebscher, Lin, Martinelli, Monk, Peeters, Piao, Pr\u00f6mel, Sch\u00f6neberg, Schwartz, Singer, Stacey, Ushkaryov, Vallon, Wolfrum, Wright, Xu, Langenhan, &amp; Schi\u00f6th.<\/span> <span id=\"publication-journal\">Pharmacological Reviews.<\/span> <span id=\"publication-year\">2015 Jan;<\/span><span id=\"publication-volume\">67<\/span><span id=\"publication-issue\">(2):<\/span><span id=\"publication-pages\">338-67<\/span><\/div>\n<\/li>\n<li class=\"ui-corner-top\"><a href=\"http:\/\/www.ncbi.nlm.nih.gov\/pubmed\/17726382\" target=\"_blank\" rel=\"noopener noreferrer\"><span style=\"font-size: small\">The role of Gas1 in embryonic development and its implications for human disease.<\/span><\/a>\n<div><span id=\"publication-authors\">Martinelli** &amp; Fan. **corresponding author.<\/span> <span id=\"publication-journal\">Cell Cycle.<\/span> <span id=\"publication-year\">2007 Nov;<\/span><span id=\"publication-volume\">6<\/span><span id=\"publication-issue\">(21):<\/span><span id=\"publication-pages\">2650-5<\/span><\/div>\n<\/li>\n<\/ul>\n<\/div>\n","protected":false},"excerpt":{"rendered":"<p>List of Publications &#8211; Scopus Journal Articles Backbone resonance assignment of the pentraxin domain of the neuronal pentraxin receptor (NPTXR) Pozhidaeva, Li, Pustovalova, Hoch, Martinelli, Simon, Hao. Springer Nature 2026 C1ql3 promotes cognitive flexibility behavior in mice Caro, Religa, Alam, Cristino, Kamat, Rybczyk, Cheung, Ugrak, Spellman, Martinelli. Neuroscience Letters. August 2025 Stepwise molecular specification of [&hellip;]<\/p>\n","protected":false},"author":97,"featured_media":0,"parent":0,"menu_order":0,"comment_status":"closed","ping_status":"closed","template":"","meta":{"_acf_changed":false,"footnotes":""},"acf":[],"publishpress_future_action":{"enabled":false,"date":"2026-04-23 18:03:20","action":"change-status","newStatus":"draft","terms":[],"taxonomy":""},"_links":{"self":[{"href":"https:\/\/health.uconn.edu\/synapse\/wp-json\/wp\/v2\/pages\/41"}],"collection":[{"href":"https:\/\/health.uconn.edu\/synapse\/wp-json\/wp\/v2\/pages"}],"about":[{"href":"https:\/\/health.uconn.edu\/synapse\/wp-json\/wp\/v2\/types\/page"}],"author":[{"embeddable":true,"href":"https:\/\/health.uconn.edu\/synapse\/wp-json\/wp\/v2\/users\/97"}],"replies":[{"embeddable":true,"href":"https:\/\/health.uconn.edu\/synapse\/wp-json\/wp\/v2\/comments?post=41"}],"version-history":[{"count":49,"href":"https:\/\/health.uconn.edu\/synapse\/wp-json\/wp\/v2\/pages\/41\/revisions"}],"predecessor-version":[{"id":906,"href":"https:\/\/health.uconn.edu\/synapse\/wp-json\/wp\/v2\/pages\/41\/revisions\/906"}],"wp:attachment":[{"href":"https:\/\/health.uconn.edu\/synapse\/wp-json\/wp\/v2\/media?parent=41"}],"curies":[{"name":"wp","href":"https:\/\/api.w.org\/{rel}","templated":true}]}}