{"id":992,"date":"2016-12-30T10:27:19","date_gmt":"2016-12-30T15:27:19","guid":{"rendered":"https:\/\/health.uconn.edu\/poison-control\/?page_id=992"},"modified":"2017-02-22T08:33:33","modified_gmt":"2017-02-22T13:33:33","slug":"poison-control-in-action","status":"publish","type":"page","link":"https:\/\/health.uconn.edu\/poison-control\/educational-information\/poison-control-in-action\/","title":{"rendered":"Poison Control in Action"},"content":{"rendered":"<p><img loading=\"lazy\" decoding=\"async\" class=\"alignright wp-image-993\" src=\"https:\/\/health.uconn.edu\/poison-control\/wp-content\/uploads\/sites\/76\/2016\/12\/PCIAPresentersGuide-1-195x300.png\" alt=\"Poison Control in Action brochure cover\" width=\"140\" height=\"215\" srcset=\"https:\/\/health.uconn.edu\/poison-control\/wp-content\/uploads\/sites\/76\/2016\/12\/PCIAPresentersGuide-1-195x300.png 195w, https:\/\/health.uconn.edu\/poison-control\/wp-content\/uploads\/sites\/76\/2016\/12\/PCIAPresentersGuide-1.png 398w\" sizes=\"(max-width: 140px) 100vw, 140px\" \/>Poison prevention education program for adults. Includes first aid for poisoning and how to call the poison center. Common adult poisoning situations are shown. All materials are in English and Spanish. Todos las materiales est\u00e1 en ingl\u00e9s y espa\u00f1ol. Contains 13 minute video, presenter\u2019s guide, PowerPoint slides (from website listed below) and reproducible take-home brochure.<\/p>\n<h3>Availability<\/h3>\n<p><strong>Online<\/strong><\/p>\n<ul>\n<li><a href=\"http:\/\/www.aapcc.org\/prevention\/adult-education\/\">www.aapcc.org\/prevention\/adult-education<\/a>\n<ul>\n<li><a href=\"https:\/\/www.youtube.com\/watch?v=vxUQrzuAjVM\">Video Part 1<\/a><\/li>\n<li><a href=\"https:\/\/www.youtube.com\/watch?v=wkJQRmgUkbo\">Video Part 2<\/a><\/li>\n<\/ul>\n<\/li>\n<\/ul>\n<p>Also\u00a0can borrow from the Connecticut Poison Control Center.<\/p>\n","protected":false},"excerpt":{"rendered":"<p>Poison prevention education program for adults. Includes first aid for poisoning and how to call the poison center. Common adult poisoning situations are shown. All materials are in English and Spanish. Todos las materiales est\u00e1 en ingl\u00e9s y espa\u00f1ol. Contains 13 minute video, presenter\u2019s guide, PowerPoint slides (from website listed below) and reproducible take-home brochure. [&hellip;]<\/p>\n","protected":false},"author":38,"featured_media":0,"parent":864,"menu_order":0,"comment_status":"closed","ping_status":"closed","template":"","meta":{"_acf_changed":false,"footnotes":""},"acf":[],"publishpress_future_action":{"enabled":false,"date":"2026-04-12 09:22:12","action":"change-status","newStatus":"draft","terms":[],"taxonomy":""},"_links":{"self":[{"href":"https:\/\/health.uconn.edu\/poison-control\/wp-json\/wp\/v2\/pages\/992"}],"collection":[{"href":"https:\/\/health.uconn.edu\/poison-control\/wp-json\/wp\/v2\/pages"}],"about":[{"href":"https:\/\/health.uconn.edu\/poison-control\/wp-json\/wp\/v2\/types\/page"}],"author":[{"embeddable":true,"href":"https:\/\/health.uconn.edu\/poison-control\/wp-json\/wp\/v2\/users\/38"}],"replies":[{"embeddable":true,"href":"https:\/\/health.uconn.edu\/poison-control\/wp-json\/wp\/v2\/comments?post=992"}],"version-history":[{"count":10,"href":"https:\/\/health.uconn.edu\/poison-control\/wp-json\/wp\/v2\/pages\/992\/revisions"}],"predecessor-version":[{"id":1277,"href":"https:\/\/health.uconn.edu\/poison-control\/wp-json\/wp\/v2\/pages\/992\/revisions\/1277"}],"up":[{"embeddable":true,"href":"https:\/\/health.uconn.edu\/poison-control\/wp-json\/wp\/v2\/pages\/864"}],"wp:attachment":[{"href":"https:\/\/health.uconn.edu\/poison-control\/wp-json\/wp\/v2\/media?parent=992"}],"curies":[{"name":"wp","href":"https:\/\/api.w.org\/{rel}","templated":true}]}}