{"id":827,"date":"2016-12-27T12:20:54","date_gmt":"2016-12-27T17:20:54","guid":{"rendered":"https:\/\/health.uconn.edu\/poison-control\/?page_id=827"},"modified":"2024-06-12T20:31:04","modified_gmt":"2024-06-13T00:31:04","slug":"pesticida-un-veneno-peligroso","status":"publish","type":"page","link":"https:\/\/health.uconn.edu\/poison-control\/about-poisons\/outdoor-items\/pesticida-un-veneno-peligroso\/","title":{"rendered":"Pesticidas"},"content":{"rendered":"<p>Las llamadas a los Centro de Envenenamiento sobre pesticidas aumentan durante la primavera y el verano. Los pesticidas son sustancias que eliminan insectos, malezas, mohos y otros seres vivos no deseados. Estas sustancias son venenosas cuando se ingieren, inhalan o se derraman sobre la piel.<\/p>\n<p>Los pesticidas pueden entrar en el cuerpo a trav\u00e9s los residuos que quedan en las frutas y vegetales. Lave y frote bien todos los productos con agua corriente para eliminar los pesticidas, la suciedad y las bacterias. Pele los productos y remueva las hojas exteriores de los vegetales de hoja.\u00a0 Los productos org\u00e1nicos, que se cultivan sin el uso de pesticidas artificiales, tienen menos residuos de pesticidas.\u00a0 La mayor\u00eda de las intoxicaciones ocurren mientras un producto est\u00e1 en uso<\/p>\n<ul>\n<li>Guarde los pesticidas en un armario cerrado con llave o fuera de el alcance de los ni\u00f1os.<\/li>\n<\/ul>\n<ul>\n<li>Cierre los recipientes de forma segura para evitar derrames accidentales.<\/li>\n<li>Utilice envases originales para evitar la ingesti\u00f3n accidental.<\/li>\n<li>Deseche de manera segura los pesticidas que no est\u00e9n en uso.\n<ul>\n<li>Comun\u00edquese con el Centro de Envenenamiento, la Agencia Estatal de Medio Ambiente, o la oficina local de la Agencia de Protecci\u00f3n Ambiental para instrucciones<\/li>\n<\/ul>\n<\/li>\n<\/ul>\n<p>Precauciones para el uso interior, antes de rociar los pesticidas:<\/p>\n<ul>\n<li>Prepare y use el producto exactamente como se indica en la etiqueta.<\/li>\n<li>Utilice el producto SOLO para lo que est\u00e1 destinado.<\/li>\n<li>No use un aerosol para exteriores en interiores.<\/li>\n<li>Mantenga a los ni\u00f1os y a otras personas fuera de el \u00e1rea mientras roc\u00eda el pesticida.<\/li>\n<li>Retire o cubra la ropa de cama con una s\u00e1bana antes de rociar el pesticida.<\/li>\n<li>Coloque los juguetes de peluches y la ropa en recipientes cerrados, cajones o en bolsas de basura de pl\u00e1stico.<\/li>\n<li>Cierre bien los armarios que contienen platos y alimentos abiertos.<\/li>\n<\/ul>\n<p>Despu\u00e9s de rociar el pesticida:<\/p>\n<ul>\n<li>Abandone en \u00e1rea durante varias horas mientras el pesticida funciona.<\/li>\n<li>Despu\u00e9s abra puertas y ventanas durante varias horas para ventilar la casa.<\/li>\n<li>Luego lave las encimeras o mostradores y las superficies, trapee el piso y aspire los muebles y las alfombras.<\/li>\n<\/ul>\n<p>Precauciones para el uso en exteriores:<\/p>\n<ul>\n<li>No use aerosoles si est\u00e1 haciendo viento afuera.<\/li>\n<li>Use ropa de mangas largas, pantalones, calcetines y zapatos.<\/li>\n<li>No use productos de cuero. Algunos pesticidas contaminan el cuero de forma permanente.<\/li>\n<li>Siga las recomendaciones de la etiqueta para la protecci\u00f3n personal (pulmones, piel, ojos).<\/li>\n<li>Despu\u00e9s de rociar el pesticida, qu\u00edtese la ropa antes de entrar a las partes principales de la casa y l\u00e1vela por separado.<\/li>\n<\/ul>\n<p>Los efectos de la intoxicaci\u00f3n con pesticidas pueden variar y puede incluir algunos de los siguientes s\u00edntomas:<\/p>\n<ul>\n<li>Dolor de garganta, Irritaci\u00f3n de los ojos, irritaci\u00f3n de la nariz y de las \u00e1reas paranasales.<\/li>\n<li>Estornudos, picaz\u00f3n, erupciones en la piel o sarpullido y problemas respiratorios parecidos al asma.<\/li>\n<li>Nauseas, vomitos y diarrea<\/li>\n<li>Malestar general y s\u00edntomas similares a los de un resfriado com\u00fan.<\/li>\n<li>Babeo, sudoraci\u00f3n, y ojos llorosos.<\/li>\n<\/ul>\n<p>Ejemplos de llamadas al Centro de Envenenamiento por pesticidas:<\/p>\n<ul>\n<li>Mi hijo de dos a\u00f1os acaba de tragarse el herbicida. Su lengua y boca est\u00e1n muy rojas. Solo vomito tres veces. Es esto malo?<\/li>\n<li>Mi hija y sus amigas jugaron en el patio de el vecino durante tres horas esta tarde. El c\u00e9sped fue fumigado ayer con alg\u00fan tipo de producto qu\u00edmico. Deber\u00eda preocuparme?<\/li>\n<li>Mi esposo entendi\u00f3 mal las instrucciones de la etiqueta de el aerosol para hormigas y cucarachas.\u00a0 Cerro todas las puertas y ventanas despu\u00e9s de rociar la sala de estar y luego se qued\u00f3 en la habitaci\u00f3n en lugar de abandonar el \u00e1rea. Ahora est\u00e1 tosiendo y estornudando.\u00a0 Su asma est\u00e1 empeorando. Necesita ir al hospital?<\/li>\n<li>Mi esposa trabaja para una empresa de pesticidas.\u00a0 Su compa\u00f1era de trabajo derramo accidentalmente pesticida sobre ella ayer.\u00a0 Ella se quit\u00f3 el uniforme, se lav\u00f3 minuciosamente y parec\u00eda estar bien. Hoy ella uso el mismo uniforme durante un par de horas y comenz\u00f3 a vomitar, tiene diarrea y est\u00e1 sudando mucho. Podr\u00eda estar relacionado?<\/li>\n<\/ul>\n<p>La intoxicaci\u00f3n por pesticidas puede ser muy grave. Si sospecha que se ha producido una intoxicaci\u00f3n por pesticida, retire a la persona de este lugar inmediatamente. Qu\u00edtele toda la ropa. B\u00e1\u00f1elo con agua y jab\u00f3n enjuag\u00e1ndolo varias veces. Llame al Centro de Envenenamiento local al 1-800-222-1222. Este n\u00famero de l\u00ednea directa tambi\u00e9n es apropiado para preguntas relacionadas con venenos antes de el uso de pesticidas.<\/p>\n","protected":false},"excerpt":{"rendered":"<p>Las llamadas a los Centro de Envenenamiento sobre pesticidas aumentan durante la primavera y el verano. Los pesticidas son sustancias que eliminan insectos, malezas, mohos y otros seres vivos no deseados. Estas sustancias son venenosas cuando se ingieren, inhalan o se derraman sobre la piel. Los pesticidas pueden entrar en el cuerpo a trav\u00e9s los [&hellip;]<\/p>\n","protected":false},"author":38,"featured_media":0,"parent":737,"menu_order":0,"comment_status":"closed","ping_status":"closed","template":"","meta":{"_acf_changed":false,"footnotes":""},"acf":[],"publishpress_future_action":{"enabled":false,"date":"2026-04-12 22:21:24","action":"change-status","newStatus":"draft","terms":[],"taxonomy":""},"_links":{"self":[{"href":"https:\/\/health.uconn.edu\/poison-control\/wp-json\/wp\/v2\/pages\/827"}],"collection":[{"href":"https:\/\/health.uconn.edu\/poison-control\/wp-json\/wp\/v2\/pages"}],"about":[{"href":"https:\/\/health.uconn.edu\/poison-control\/wp-json\/wp\/v2\/types\/page"}],"author":[{"embeddable":true,"href":"https:\/\/health.uconn.edu\/poison-control\/wp-json\/wp\/v2\/users\/38"}],"replies":[{"embeddable":true,"href":"https:\/\/health.uconn.edu\/poison-control\/wp-json\/wp\/v2\/comments?post=827"}],"version-history":[{"count":5,"href":"https:\/\/health.uconn.edu\/poison-control\/wp-json\/wp\/v2\/pages\/827\/revisions"}],"predecessor-version":[{"id":1483,"href":"https:\/\/health.uconn.edu\/poison-control\/wp-json\/wp\/v2\/pages\/827\/revisions\/1483"}],"up":[{"embeddable":true,"href":"https:\/\/health.uconn.edu\/poison-control\/wp-json\/wp\/v2\/pages\/737"}],"wp:attachment":[{"href":"https:\/\/health.uconn.edu\/poison-control\/wp-json\/wp\/v2\/media?parent=827"}],"curies":[{"name":"wp","href":"https:\/\/api.w.org\/{rel}","templated":true}]}}