{"id":801,"date":"2016-12-27T11:59:55","date_gmt":"2016-12-27T16:59:55","guid":{"rendered":"https:\/\/health.uconn.edu\/poison-control\/?page_id=801"},"modified":"2024-06-12T20:15:12","modified_gmt":"2024-06-13T00:15:12","slug":"consejos-para-un-viaje-seguro","status":"publish","type":"page","link":"https:\/\/health.uconn.edu\/poison-control\/about-poisons\/medications\/consejos-para-un-viaje-seguro\/","title":{"rendered":"Consejos para un Viaje Seguro"},"content":{"rendered":"<p>Planificar un viaje puede ser complicado \u2013 predecir el clima, decidir que llevar y empacar sus medicamentos de manera segura.\u00a0 Empacar sus medicamentos de manera segura puede ser f\u00e1cil si conoce estos consejos \u00fatiles para la medicaci\u00f3n.<\/p>\n<ul>\n<li>Lleva m\u00e1s de lo que necesitas en caso de retrasos en el viaje.<\/li>\n<li>Empaque los medicamentos en su equipaje de mano si va a viaja en avi\u00f3n.\n<ul>\n<li>Tendr\u00e1s acceso a ellos durante su vuelo.<\/li>\n<li>Esto asegura que tendr\u00e1 sus medicamentos incluso si su equipaje facturado se pierde.<\/li>\n<\/ul>\n<\/li>\n<li>Guarde los medicamentos en su envase original.\n<ul>\n<li>Esto evita tomar el medicamento equivocado.<\/li>\n<li>Esto es necesario para pasar por la seguridad de el aeropuerto y cruces fronterizos.<\/li>\n<\/ul>\n<\/li>\n<li>Haz un conteo preciso de tus medicinas antes de salir de casa. Esto ayudara al centro de envenenamiento a determinar el riesgo involucrado en cases de sobredosis o ingesti\u00f3n accidental.<\/li>\n<li>Consulte con su m\u00e9dico o farmac\u00e9utico si estar\u00e1 viajando a trav\u00e9s de diferentes zonas de tiempo para desarrollar un plan espec\u00edfico para ajustar el horario y la dosis de sus medicamentos.<\/li>\n<\/ul>\n<p>Estas planeando visitar un clima c\u00e1lido y h\u00famedo?\u00a0 Mantenga sus medicamentos en lugar fresco y seco fuera de la luz solar directa. Si est\u00e1 viajando en coche no guarde los medicamentos en la guantera o en la maletera. El calor y la humedad pueden afectar a los medicamentos. Si participa en actividades acu\u00e1ticas aseg\u00farese de que los medicamentos se mantengan en un lugar fresco, seguro y en un recipiente impermeable.<\/p>\n<p>Ya sea que este en casa o de viaje hay varios consejos b\u00e1sicos de seguridad de medicamentos que debe seguir.<\/p>\n<ul>\n<li>No guarde los medicamentos en el ba\u00f1o donde se acumulan la humedad y calor.<\/li>\n<li>Guarde siempre los medicamentos en recipientes a prueba de ni\u00f1os.<\/li>\n<li>Mantenga su bolso o maleta en un lugar alto y fuera de el alcance de los ni\u00f1os.<\/li>\n<li>No tome medicamentos en presencia de los ni\u00f1os. A los ni\u00f1os les gusta imitar a los adultos.<\/li>\n<li>Lleve siempre consigo una lista completa de sus medicamentos (incluyendo los medicamentos recetados, suplementos diet\u00e9ticos y de venta libre), el calendario de dosis, y los n\u00fameros de tel\u00e9fonos de sus m\u00e9dicos y farmacias.<\/li>\n<li>Use un brazalete o collar m\u00e9dico si tiene alergias.<\/li>\n<li>Recuerde que 1-800-222-1222, es una l\u00ednea de ayuda nacional, gratuita y confidencial las 24 horas. Llame para una emergencia por envenenamiento, consejos de prevenci\u00f3n o preguntas sobre medicamentos.<\/li>\n<\/ul>\n","protected":false},"excerpt":{"rendered":"<p>Planificar un viaje puede ser complicado \u2013 predecir el clima, decidir que llevar y empacar sus medicamentos de manera segura.\u00a0 Empacar sus medicamentos de manera segura puede ser f\u00e1cil si conoce estos consejos \u00fatiles para la medicaci\u00f3n. Lleva m\u00e1s de lo que necesitas en caso de retrasos en el viaje. Empaque los medicamentos en su [&hellip;]<\/p>\n","protected":false},"author":38,"featured_media":0,"parent":735,"menu_order":0,"comment_status":"closed","ping_status":"closed","template":"","meta":{"_acf_changed":false,"footnotes":""},"acf":[],"publishpress_future_action":{"enabled":false,"date":"2026-04-12 22:56:02","action":"change-status","newStatus":"draft","terms":[],"taxonomy":""},"_links":{"self":[{"href":"https:\/\/health.uconn.edu\/poison-control\/wp-json\/wp\/v2\/pages\/801"}],"collection":[{"href":"https:\/\/health.uconn.edu\/poison-control\/wp-json\/wp\/v2\/pages"}],"about":[{"href":"https:\/\/health.uconn.edu\/poison-control\/wp-json\/wp\/v2\/types\/page"}],"author":[{"embeddable":true,"href":"https:\/\/health.uconn.edu\/poison-control\/wp-json\/wp\/v2\/users\/38"}],"replies":[{"embeddable":true,"href":"https:\/\/health.uconn.edu\/poison-control\/wp-json\/wp\/v2\/comments?post=801"}],"version-history":[{"count":3,"href":"https:\/\/health.uconn.edu\/poison-control\/wp-json\/wp\/v2\/pages\/801\/revisions"}],"predecessor-version":[{"id":1479,"href":"https:\/\/health.uconn.edu\/poison-control\/wp-json\/wp\/v2\/pages\/801\/revisions\/1479"}],"up":[{"embeddable":true,"href":"https:\/\/health.uconn.edu\/poison-control\/wp-json\/wp\/v2\/pages\/735"}],"wp:attachment":[{"href":"https:\/\/health.uconn.edu\/poison-control\/wp-json\/wp\/v2\/media?parent=801"}],"curies":[{"name":"wp","href":"https:\/\/api.w.org\/{rel}","templated":true}]}}