{"id":789,"date":"2016-12-27T11:06:31","date_gmt":"2016-12-27T16:06:31","guid":{"rendered":"https:\/\/health.uconn.edu\/poison-control\/?page_id=789"},"modified":"2024-06-12T20:12:38","modified_gmt":"2024-06-13T00:12:38","slug":"anticongelante-y-limpiador-parabrisa","status":"publish","type":"page","link":"https:\/\/health.uconn.edu\/poison-control\/about-poisons\/garage-items\/anticongelante-y-limpiador-parabrisa\/","title":{"rendered":"Anticongelante y liquido limpiaparabrisas"},"content":{"rendered":"<p>Aunque el anticongelante y el l\u00edquido limpiaparabrisas mejoran la seguridad al conducir, ambos son venenos. El anticongelante a veces etiquetado como \u201canticongelante \/ refrigerante\u201d, evita que el motor se congele en el invierno y se sobrecaliente en el verano. El l\u00edquido limpiaparabrisas mejora la visibilidad en climas fr\u00edos y tormentosos al derretir el hielo y limpiar el parabrisas. Ambos pueden causar efectos graves si se ingieren, incluso en peque\u00f1as cantidades.<\/p>\n<p>El anticongelante generalmente contiene etilenglicol.\u00a0 El l\u00edquido limpiaparabrisas generalmente contiene metanol. Ambos son t\u00f3xicos. Tan solo una cucharada de etilenglicol puede causar insuficiencia renal o la muerte. Incluso cantidades m\u00e1s peque\u00f1as de metanol, una cucharadita puede causar ceguera o la muerte. Tenga en cuenta que otros productos como los l\u00edquidos de frenos y los productos de deshielo, tambi\u00e9n pueden contener metanol o etilenglicol.<\/p>\n<p>Afortunadamente, no todos los glicoles son un problema. El propilenglicol, que se encuentra en algunos cosm\u00e9ticos, tintas, desodorantes de habitaciones y conservante de alimentos, no es muy toxico.\u00a0 Si se produce una intoxicaci\u00f3n por anticongelante o limpiaparabrisas, NO \u201cespere y vea\u201d si la persona o mascota tendr\u00e1 un problema. Es posible que no note los efectos nocivos durante varias horas o m\u00e1s.<\/p>\n<p>Posibles efectos de la intoxicaci\u00f3n por anticongelante \/refrigerante o liquido limpiaparabrisas:<\/p>\n<ul>\n<li>Problemas de vision<\/li>\n<li>Vision \u201cNevada\u201d<\/li>\n<li>Vision borrosa o doble.<\/li>\n<li>Ceguera, que puede ser permanente<\/li>\n<li>Nausea y vomitos<\/li>\n<li>Cambios en el ritmo cardiaco<\/li>\n<li>Convulsiones<\/li>\n<li>Coma<\/li>\n<li>Insuficiencia renal y\/o hep\u00e1tica<\/li>\n<\/ul>\n<p>Muchos ni\u00f1os y adultos beben accidentalmente anticongelante o liquido limpiaparabrisas cuando se almacenan en recipiente para bebidas. Adem\u00e1s, los animales algunas veces beben anticongelante que se derrama o escapa de los radiadores de los autom\u00f3viles. Tiene un sabor dulce.<\/p>\n<p>Evite el envenenamiento por anticongelante y liquido limpiaparabrisas:<\/p>\n<ul>\n<li>Mantenga las tapas bien cerradas.<\/li>\n<li>Guard\u00e9 los productos fuera del alcanc\u00e9 y de la vista de los ni\u00f1os.<\/li>\n<li>Mantenga los productos en los envases originales.<\/li>\n<li>Limpie los derrames y fugas de el radiador inmediatamente.<\/li>\n<\/ul>\n<p>Para obtener m\u00e1s informaci\u00f3n, llame a su centro de envenenamiento al n\u00famero 1-800-222-1222.<\/p>\n","protected":false},"excerpt":{"rendered":"<p>Aunque el anticongelante y el l\u00edquido limpiaparabrisas mejoran la seguridad al conducir, ambos son venenos. El anticongelante a veces etiquetado como \u201canticongelante \/ refrigerante\u201d, evita que el motor se congele en el invierno y se sobrecaliente en el verano. El l\u00edquido limpiaparabrisas mejora la visibilidad en climas fr\u00edos y tormentosos al derretir el hielo y [&hellip;]<\/p>\n","protected":false},"author":38,"featured_media":0,"parent":731,"menu_order":0,"comment_status":"closed","ping_status":"closed","template":"","meta":{"_acf_changed":false,"footnotes":""},"acf":[],"publishpress_future_action":{"enabled":false,"date":"2026-04-22 18:43:51","action":"change-status","newStatus":"draft","terms":[],"taxonomy":""},"_links":{"self":[{"href":"https:\/\/health.uconn.edu\/poison-control\/wp-json\/wp\/v2\/pages\/789"}],"collection":[{"href":"https:\/\/health.uconn.edu\/poison-control\/wp-json\/wp\/v2\/pages"}],"about":[{"href":"https:\/\/health.uconn.edu\/poison-control\/wp-json\/wp\/v2\/types\/page"}],"author":[{"embeddable":true,"href":"https:\/\/health.uconn.edu\/poison-control\/wp-json\/wp\/v2\/users\/38"}],"replies":[{"embeddable":true,"href":"https:\/\/health.uconn.edu\/poison-control\/wp-json\/wp\/v2\/comments?post=789"}],"version-history":[{"count":3,"href":"https:\/\/health.uconn.edu\/poison-control\/wp-json\/wp\/v2\/pages\/789\/revisions"}],"predecessor-version":[{"id":1477,"href":"https:\/\/health.uconn.edu\/poison-control\/wp-json\/wp\/v2\/pages\/789\/revisions\/1477"}],"up":[{"embeddable":true,"href":"https:\/\/health.uconn.edu\/poison-control\/wp-json\/wp\/v2\/pages\/731"}],"wp:attachment":[{"href":"https:\/\/health.uconn.edu\/poison-control\/wp-json\/wp\/v2\/media?parent=789"}],"curies":[{"name":"wp","href":"https:\/\/api.w.org\/{rel}","templated":true}]}}