{"id":781,"date":"2016-12-27T11:01:31","date_gmt":"2016-12-27T16:01:31","guid":{"rendered":"https:\/\/health.uconn.edu\/poison-control\/?page_id=781"},"modified":"2024-06-12T20:09:21","modified_gmt":"2024-06-13T00:09:21","slug":"reconocer-el-abuso-de-inhalacion","status":"publish","type":"page","link":"https:\/\/health.uconn.edu\/poison-control\/about-poisons\/cleaning-products\/reconocer-el-abuso-de-inhalacion\/","title":{"rendered":"Reconocer El Abuso de Inhalantes"},"content":{"rendered":"<p><strong><em>La Informaci\u00f3n de esta p\u00e1gina no debe distribuirse a los ni\u00f1os.<\/em><\/strong><\/p>\n<p>Cuando se habla de el tema de los inhalantes, las personas err\u00f3neamente piensan que son los inhaladores para el asma. El abuso de inhalantes se denomina la \u201cepidemia silenciosa\u201d porque la mayor\u00eda de la gente desconoce el peligro de los inhalantes y el abuso pasa desapercibido. Los Inhalantes son productos y sustancias de los que se abusa para drogarse. Estos productos pueden encontrarse en nuestros hogares, escuelas y oficinas. Existen m\u00e1s de 1,000 productos que se pueden inhalar por sus efectos embriagadores.<\/p>\n<p>Algunos productos inhalantes comunes incluyen:<\/p>\n<ul>\n<li>Productos de gasolina, removedores de pintura, pegamentos, liquido corrector de blanqueo, marcadores.<\/li>\n<li>Aerosoles que contienen propelentes como pinturas en aerosol, desodorantes, aerosoles que se utilizan para limpiar computadoras<\/li>\n<li>Encendedores de butano, tanques de propano y dispensadores de nata montada<\/li>\n<li>Anest\u00e9sicos m\u00e9dicos tales como el \u00e9ter y el cloroformo<\/li>\n<li>Desodorante para habitaciones, gas de \u00f3xido nitroso, nitritos, pargos<\/li>\n<\/ul>\n<p>PORQUE SE USAN LOS INHALANTES?<\/p>\n<p>Los inhalantes est\u00e1n disponibles, tienen un bajo costo y se encuentran en productos legales. Generalmente los productos utilizados no se consideran venenosas o peligrosas cuando se inhalan. Los inhalantes proporcionan un subid\u00f3n inmediato que puede durar de uno a cinco minutos, y algunas veces m\u00e1s tiempo. El efecto es similar a beber demasiado alcohol y causa efectos que alteran la mente.<\/p>\n<p>COMO se usan los INHALAntes?<\/p>\n<ul>\n<li>Inhalado directamente desde el contenedor<\/li>\n<li>Rociar el producto qu\u00edmico directo en la boca<\/li>\n<li>Inhalando de un trapo o algo empapado con productos qu\u00edmicos<\/li>\n<li>Rociar productos qu\u00edmicos directamente dentro de una bolsa y resoplar fuera de la bolsa<\/li>\n<li>Productos qu\u00edmicos rociados o pintados en ropa o las u\u00f1as e inhalados<\/li>\n<\/ul>\n<p>CUALES SON LOS PROBLEMAS con los INHALAntes?<\/p>\n<p>El abuso de inhalantes puede causar \u201cla muerte s\u00fabita por inhalaci\u00f3n\u201d incluso si es la primera vez que se usan los inhalantes. Los ritmos irregulares de el coraz\u00f3n pueden provocar un paro cardiaco. Las sustancias qu\u00edmicas pueden reemplazar el ox\u00edgeno en la sangre y puede causar asfixia. El abuso de inhalantes puede causar asfixia al interferir con la respiraci\u00f3n o una persona puede ahogarse.\u00a0 El abuso de inhalantes a largo plazo puede causar la perdida de la funci\u00f3n normal en los brazos, las piernas y la perdida de el control de la vejiga y el control intestinal. Los inhalantes destruyen las c\u00e9lulas cerebrales. Una persona podr\u00eda tener una alergia al producto causando una reacci\u00f3n al\u00e9rgica. La mayor\u00eda de estos productos qu\u00edmicos poseen riesgos de incendio y podr\u00edan provocar un incendio o una explosi\u00f3n.<\/p>\n<p>CUALES SON ALGUNoS de los signos y S\u00cdNTOMAS a los que hay que prestar atencion?<\/p>\n<ul>\n<li>Aparencia embriagada y aturdida.<\/li>\n<li>Olores a qu\u00edmicos en la respiraci\u00f3n, en el cuerpo o ropa.<\/li>\n<li>Colecci\u00f3n inusualmente de una cantidad grande de pintura, latas de aerosol, desodorante para habitaciones, etc.<\/li>\n<li>Ojos rojos.<\/li>\n<li>Secreci\u00f3n nasal o hemorragias nasales.<\/li>\n<li>Cambios de personalidad.<\/li>\n<li>Dificultad para hablar.<\/li>\n<li>Tambaleo o tropiezo, marcha de base ancha.<\/li>\n<li>Perdida de control o movimiento de los brazos y piernas.<\/li>\n<\/ul>\n<p>que deben saber los NI\u00d1OS?<\/p>\n<ul>\n<li>Los inhalantes son venenos<\/li>\n<li>Ense\u00f1arles a los ni\u00f1os como funcionan sus cuerpos. Conc\u00e9ntrese en los pulmones y la necesidad de ox\u00edgeno. Hablar sobre la contaminaci\u00f3n corporal.<\/li>\n<li>Decir veneno, qu\u00edmicos, toxinas, vapores en lugar de inhalantes o drogas.<\/li>\n<li>Hablarles de los efectos t\u00f3xicos en lugar de drogarse.<\/li>\n<li>No les ense\u00f1e a los ni\u00f1os como abusar de los inhalantes ni les muestre que productos usar.<\/li>\n<\/ul>\n","protected":false},"excerpt":{"rendered":"<p>La Informaci\u00f3n de esta p\u00e1gina no debe distribuirse a los ni\u00f1os. Cuando se habla de el tema de los inhalantes, las personas err\u00f3neamente piensan que son los inhaladores para el asma. El abuso de inhalantes se denomina la \u201cepidemia silenciosa\u201d porque la mayor\u00eda de la gente desconoce el peligro de los inhalantes y el abuso [&hellip;]<\/p>\n","protected":false},"author":38,"featured_media":0,"parent":729,"menu_order":0,"comment_status":"closed","ping_status":"closed","template":"","meta":{"_acf_changed":false,"footnotes":""},"acf":[],"publishpress_future_action":{"enabled":false,"date":"2026-04-11 10:55:56","action":"change-status","newStatus":"draft","terms":[],"taxonomy":""},"_links":{"self":[{"href":"https:\/\/health.uconn.edu\/poison-control\/wp-json\/wp\/v2\/pages\/781"}],"collection":[{"href":"https:\/\/health.uconn.edu\/poison-control\/wp-json\/wp\/v2\/pages"}],"about":[{"href":"https:\/\/health.uconn.edu\/poison-control\/wp-json\/wp\/v2\/types\/page"}],"author":[{"embeddable":true,"href":"https:\/\/health.uconn.edu\/poison-control\/wp-json\/wp\/v2\/users\/38"}],"replies":[{"embeddable":true,"href":"https:\/\/health.uconn.edu\/poison-control\/wp-json\/wp\/v2\/comments?post=781"}],"version-history":[{"count":3,"href":"https:\/\/health.uconn.edu\/poison-control\/wp-json\/wp\/v2\/pages\/781\/revisions"}],"predecessor-version":[{"id":1475,"href":"https:\/\/health.uconn.edu\/poison-control\/wp-json\/wp\/v2\/pages\/781\/revisions\/1475"}],"up":[{"embeddable":true,"href":"https:\/\/health.uconn.edu\/poison-control\/wp-json\/wp\/v2\/pages\/729"}],"wp:attachment":[{"href":"https:\/\/health.uconn.edu\/poison-control\/wp-json\/wp\/v2\/media?parent=781"}],"curies":[{"name":"wp","href":"https:\/\/api.w.org\/{rel}","templated":true}]}}