{"id":773,"date":"2016-12-27T10:54:50","date_gmt":"2016-12-27T15:54:50","guid":{"rendered":"https:\/\/health.uconn.edu\/poison-control\/?page_id=773"},"modified":"2024-06-12T20:05:05","modified_gmt":"2024-06-13T00:05:05","slug":"no-vacaciones-para-el-monoxido-de-carbono","status":"publish","type":"page","link":"https:\/\/health.uconn.edu\/poison-control\/about-poisons\/carbon-monoxide\/no-vacaciones-para-el-monoxido-de-carbono\/","title":{"rendered":"No Hay Vacaciones para el Mon\u00f3xido de Carbono"},"content":{"rendered":"<p>El mon\u00f3xido de carbono es un gas toxico que no tiene color, ni olor. Se produce por la combusti\u00f3n incompleta de combustibles s\u00f3lidos, l\u00edquidos y gaseosos. Las parillas, los generadores, los calefactores y equipos de jardiner\u00eda que usan gasolina, aceite, querosene, o carb\u00f3n pueden producir mon\u00f3xido de carbono.\u00a0 Si estos aparatos no tienen un mantenimiento adecuado o usan incorrectamente el mon\u00f3xido de carbono puede acumularse a niveles muy peligrosos.<\/p>\n<p>El efecto t\u00f3xico de mon\u00f3xido de carbono depende tanto de la concentraci\u00f3n como de la duraci\u00f3n de la exposici\u00f3n. La exposici\u00f3n a largo plazo a bajas concentraciones puede producir efectos similares a una exposici\u00f3n a corto plazo a altas concentraciones.<\/p>\n<p>Algunas causas de envenenamiento por mon\u00f3xido de carbono en un clima c\u00e1lido.<\/p>\n<ul>\n<li>Parillas de gas o carb\u00f3n, utilizadas dentro de un \u00e1rea cerrada.<\/li>\n<li>Los equipos que funcionan con gasolina (cortadora de c\u00e9sped, generador y motosierra) al usarse dentro de una casa, garaje o debajo de una carpa.<\/li>\n<li>Linternas y estufas de gas que se usan dentro de un \u00e1rea peque\u00f1a y sellada como una tienda de campa\u00f1a, un remolque o una cabina de un bote.<\/li>\n<li>Practicar deportes acu\u00e1ticos como el surf de teca, motos acu\u00e1ticas que tiran de esquiadores de las plataformas de buceo de un barco.<\/li>\n<li>Bucear o nadar cerca de las plataformas de las casas flotantes.<\/li>\n<li>Un aparato de combusti\u00f3n de gas mal instalado o que funciona mal en una casa sellada para contener aire acondicionado.<\/li>\n<\/ul>\n<p>S\u00cdNTOMAS<\/p>\n<p>Los s\u00edntomas de envenenamiento por mon\u00f3xido de carbono son similares a los de un resfriado com\u00fan o intoxicaci\u00f3n alimentaria.\u00a0 Entre ellos se encuentran:<\/p>\n<ul>\n<li>Fatiga\/somnolencia<\/li>\n<li>Mareos<\/li>\n<li>Nauseas<\/li>\n<li>Dolor de cabeza<\/li>\n<li>Respiracion irregular<\/li>\n<li>Confusion y desorientacion<\/li>\n<\/ul>\n<p>S\u00ed se activa la alarma de mon\u00f3xido de carbono:<\/p>\n<ul>\n<li>Verifique si alguien de la familia est\u00e1 experimentando s\u00edntomas.<\/li>\n<li>Si lo est\u00e1n abandone el \u00e1rea afectada inmediatamente, tome aire fresco y llame al centro de Envenenamiento al 1-800-222-1222<\/li>\n<li>Si nadie tiene s\u00edntomas, abra las ventanas\/ puertas y apague las posibles fuentes de mon\u00f3xido de carbono.<\/li>\n<li>Llame al departamento de bomberos o a la compa\u00f1\u00eda de calefacci\u00f3n y gas para obtener ayuda a encontrar la fuente de mon\u00f3xido de carbono.<\/li>\n<\/ul>\n","protected":false},"excerpt":{"rendered":"<p>El mon\u00f3xido de carbono es un gas toxico que no tiene color, ni olor. Se produce por la combusti\u00f3n incompleta de combustibles s\u00f3lidos, l\u00edquidos y gaseosos. Las parillas, los generadores, los calefactores y equipos de jardiner\u00eda que usan gasolina, aceite, querosene, o carb\u00f3n pueden producir mon\u00f3xido de carbono.\u00a0 Si estos aparatos no tienen un mantenimiento [&hellip;]<\/p>\n","protected":false},"author":38,"featured_media":0,"parent":727,"menu_order":0,"comment_status":"closed","ping_status":"closed","template":"","meta":{"_acf_changed":false,"footnotes":""},"acf":[],"publishpress_future_action":{"enabled":false,"date":"2026-05-05 08:26:50","action":"change-status","newStatus":"draft","terms":[],"taxonomy":""},"_links":{"self":[{"href":"https:\/\/health.uconn.edu\/poison-control\/wp-json\/wp\/v2\/pages\/773"}],"collection":[{"href":"https:\/\/health.uconn.edu\/poison-control\/wp-json\/wp\/v2\/pages"}],"about":[{"href":"https:\/\/health.uconn.edu\/poison-control\/wp-json\/wp\/v2\/types\/page"}],"author":[{"embeddable":true,"href":"https:\/\/health.uconn.edu\/poison-control\/wp-json\/wp\/v2\/users\/38"}],"replies":[{"embeddable":true,"href":"https:\/\/health.uconn.edu\/poison-control\/wp-json\/wp\/v2\/comments?post=773"}],"version-history":[{"count":3,"href":"https:\/\/health.uconn.edu\/poison-control\/wp-json\/wp\/v2\/pages\/773\/revisions"}],"predecessor-version":[{"id":1473,"href":"https:\/\/health.uconn.edu\/poison-control\/wp-json\/wp\/v2\/pages\/773\/revisions\/1473"}],"up":[{"embeddable":true,"href":"https:\/\/health.uconn.edu\/poison-control\/wp-json\/wp\/v2\/pages\/727"}],"wp:attachment":[{"href":"https:\/\/health.uconn.edu\/poison-control\/wp-json\/wp\/v2\/media?parent=773"}],"curies":[{"name":"wp","href":"https:\/\/api.w.org\/{rel}","templated":true}]}}