{"id":769,"date":"2016-12-27T10:52:59","date_gmt":"2016-12-27T15:52:59","guid":{"rendered":"https:\/\/health.uconn.edu\/poison-control\/?page_id=769"},"modified":"2024-06-12T17:45:17","modified_gmt":"2024-06-12T21:45:17","slug":"monoxido-de-carbono-el-veneno-mortal-silencioso","status":"publish","type":"page","link":"https:\/\/health.uconn.edu\/poison-control\/about-poisons\/carbon-monoxide\/monoxido-de-carbono-el-veneno-mortal-silencioso\/","title":{"rendered":"Mon\u00f3xido de Carbono: El Veneno Mortal Silencioso"},"content":{"rendered":"<p>El Mon\u00f3xido de Carbono es un veneno de alto riesgo que no se puede ver, oler o saborear pero que es mortal. El mon\u00f3xido de carbono entra al organismo a trav\u00e9s de los pulmones y es transportado por todo el cuerpo a trav\u00e9s de la sangre. El mon\u00f3xido de carbono impide que la sangre transporte el oxigeno a los tejidos de el cuerpo. El oxigeno es esencial para el funcionamiento de el coraz\u00f3n y de el cerebro, la falta de este puede ser mortal.<\/p>\n<p>A menos que su casa sea equipada totalmente con equipos electricos, su familia tiene un alto riesgo de envenenamiento con monoxido de carbono.\u00a0 El mon\u00f3xido de carbono se puede producir al quemar Kerosene, petr\u00f3leo o aceite, gas natural y madera. \u00a0El Mon\u00f3xido de carbono solo es un problema si los aparatos y los equipos no estan funcionando apropiadamente. Las piezas gastadas y la ventilacion incorrecta puede causar lanzamiento de monoxido de carbono en su casa. Los siguientes productos tambien pueden producir monoxido de carbono:<\/p>\n<ul>\n<li>Calefacci\u00f3nes de gas o aceite.<\/li>\n<li>Calentadores de espacio de Kerosene<\/li>\n<li>Estufas de gas<\/li>\n<li>Chimineas o estufas de madera<\/li>\n<li>Hornos, parrillas o asadores de gas<\/li>\n<li>Carb\u00f3n.<\/li>\n<li>Autom\u00f3viles<\/li>\n<li>Cortadoras de grama, generadores o cualquier equipo que funcion\u00e9 con gasolina<\/li>\n<\/ul>\n<p>Lo mas importante que usted puede hacer para prevenir el envenenamiento de mon\u00f3xido de carbono es comprar e instalar detectores de monoxido de carbono en su casa o apartamento. Los detectores salvan las vidas de muchas personas cada a\u00f1o. Los detectors tambien son un regalo perfecto. Si tiene alguna pregunta llamar al 1-800-222-1222.<\/p>\n<p>Usted puede prevenir el envenenamiento con monoxido de carbono haciendo lo siguiente:<\/p>\n<ul>\n<li>Contrate un profesional para instalar su calefaccion.<\/li>\n<li>Limpie la chimenea y el equipo de calefaccion cada invierno antes de usarlo<\/li>\n<li>Inspeccione la ventilaci\u00f3n de todos los aparatos electrodomesticos.<\/li>\n<li>Instale en su casa y en su garaje o cochera detectores de mon\u00f3xido de carbono<\/li>\n<li>Revise su automovil regularmente<\/li>\n<li>Nunca deje su automovil encendido en el garaje<\/li>\n<li>Nunca duerma dentro de un automovil encendido<\/li>\n<li>Repare su cortadora de grama y otros equipos de gasolina, aceite o petroleo al aire libre<\/li>\n<\/ul>\n<p>Cuando una persona esta envenenada con mon\u00f3xido de carbono, esta persona presenta s\u00edntomas similares a los de una gripe acompa\u00f1ado de dolor de cabeza, mareos, debilidad, nauseas, v\u00f3mitos, perdida de fuerza en los m\u00fasculos, dolor en el pecho, convulsiones, deseos de dormir m\u00e1s, latidos de el Corazon rapidos y confusi\u00f3n.<\/p>\n<p>Si usted sospecha que usted o su familia pueden haber sido expuestos al envenenamiento con monoxido de carbono, usted debe hacer lo siguiente:<\/p>\n<ul>\n<li>Evacuar a todas las personas al aire fresco<\/li>\n<li>Llamar al departamento de bomberos al 911<\/li>\n<li>Llamar al Centro de Envenenamiento y Prevenci\u00f3n al 1-800-222-1222<\/li>\n<li>Llamar a la compa\u00f1\u00eda de aceite o gas, que cuida su calefacci\u00f3n<\/li>\n<\/ul>\n","protected":false},"excerpt":{"rendered":"<p>El Mon\u00f3xido de Carbono es un veneno de alto riesgo que no se puede ver, oler o saborear pero que es mortal. El mon\u00f3xido de carbono entra al organismo a trav\u00e9s de los pulmones y es transportado por todo el cuerpo a trav\u00e9s de la sangre. El mon\u00f3xido de carbono impide que la sangre transporte [&hellip;]<\/p>\n","protected":false},"author":38,"featured_media":0,"parent":727,"menu_order":0,"comment_status":"closed","ping_status":"closed","template":"","meta":{"_acf_changed":false,"footnotes":""},"acf":[],"publishpress_future_action":{"enabled":false,"date":"2026-04-11 10:53:59","action":"change-status","newStatus":"draft","terms":[],"taxonomy":""},"_links":{"self":[{"href":"https:\/\/health.uconn.edu\/poison-control\/wp-json\/wp\/v2\/pages\/769"}],"collection":[{"href":"https:\/\/health.uconn.edu\/poison-control\/wp-json\/wp\/v2\/pages"}],"about":[{"href":"https:\/\/health.uconn.edu\/poison-control\/wp-json\/wp\/v2\/types\/page"}],"author":[{"embeddable":true,"href":"https:\/\/health.uconn.edu\/poison-control\/wp-json\/wp\/v2\/users\/38"}],"replies":[{"embeddable":true,"href":"https:\/\/health.uconn.edu\/poison-control\/wp-json\/wp\/v2\/comments?post=769"}],"version-history":[{"count":3,"href":"https:\/\/health.uconn.edu\/poison-control\/wp-json\/wp\/v2\/pages\/769\/revisions"}],"predecessor-version":[{"id":1470,"href":"https:\/\/health.uconn.edu\/poison-control\/wp-json\/wp\/v2\/pages\/769\/revisions\/1470"}],"up":[{"embeddable":true,"href":"https:\/\/health.uconn.edu\/poison-control\/wp-json\/wp\/v2\/pages\/727"}],"wp:attachment":[{"href":"https:\/\/health.uconn.edu\/poison-control\/wp-json\/wp\/v2\/media?parent=769"}],"curies":[{"name":"wp","href":"https:\/\/api.w.org\/{rel}","templated":true}]}}