{"id":34,"date":"2019-09-11T12:57:23","date_gmt":"2019-09-11T16:57:23","guid":{"rendered":"https:\/\/health.uconn.edu\/bae-lab\/?page_id=34"},"modified":"2025-04-09T21:56:19","modified_gmt":"2025-04-10T01:56:19","slug":"our-team","status":"publish","type":"page","link":"https:\/\/health.uconn.edu\/paulino-lab\/our-team\/","title":{"rendered":"Our Team"},"content":{"rendered":"<div id=\"pl-34\"  class=\"panel-layout\" ><div id=\"pg-34-0\"  class=\"panel-grid panel-no-style\" ><div id=\"pgc-34-0-0\"  class=\"panel-grid-cell\" ><div id=\"panel-34-0-0-0\" class=\"so-panel widget widget_black-studio-tinymce widget_black_studio_tinymce panel-first-child panel-last-child\" data-index=\"0\" ><div class=\"textwidget\"><p><a href=\"https:\/\/health.uconn.edu\/paulino-lab\/wp-content\/uploads\/sites\/298\/2024\/06\/Joana_Paulino-8469-scaled.jpg\"><img loading=\"lazy\" decoding=\"async\" src=\"https:\/\/health.uconn.edu\/paulino-lab\/wp-content\/uploads\/sites\/298\/2024\/06\/Joana_Paulino-8469-683x1024.jpg\" alt=\"\" width=\"280\" height=\"419\" class=\"alignleft wp-image-142\" srcset=\"https:\/\/health.uconn.edu\/paulino-lab\/wp-content\/uploads\/sites\/298\/2024\/06\/Joana_Paulino-8469-683x1024.jpg 683w, https:\/\/health.uconn.edu\/paulino-lab\/wp-content\/uploads\/sites\/298\/2024\/06\/Joana_Paulino-8469-200x300.jpg 200w, https:\/\/health.uconn.edu\/paulino-lab\/wp-content\/uploads\/sites\/298\/2024\/06\/Joana_Paulino-8469-768x1151.jpg 768w, https:\/\/health.uconn.edu\/paulino-lab\/wp-content\/uploads\/sites\/298\/2024\/06\/Joana_Paulino-8469-1025x1536.jpg 1025w, https:\/\/health.uconn.edu\/paulino-lab\/wp-content\/uploads\/sites\/298\/2024\/06\/Joana_Paulino-8469-1367x2048.jpg 1367w, https:\/\/health.uconn.edu\/paulino-lab\/wp-content\/uploads\/sites\/298\/2024\/06\/Joana_Paulino-8469-scaled.jpg 1709w\" sizes=\"(max-width: 280px) 100vw, 280px\" \/><\/a><\/p>\n<p><strong>Joana Paulino, Ph.D.<\/strong><\/p>\n<p>Assistant Professor<\/p>\n<\/div><\/div><\/div><div id=\"pgc-34-0-1\"  class=\"panel-grid-cell\" ><div id=\"panel-34-0-1-0\" class=\"so-panel widget widget_black-studio-tinymce widget_black_studio_tinymce panel-first-child panel-last-child\" data-index=\"1\" ><div class=\"textwidget\"><h3>Education and Training<\/h3>\n<p><strong>Postdoctoral Researcher<\/strong>, University of California San Francisco, San Francisco, CA (2019-2024)<br \/>\n<strong>Postdoctoral Associate<\/strong>, National High Magnetic Field Laboratory, Tallahassee, FL (2017-2019)<br \/>\n<strong>Ph.D<\/strong><strong>. Molecular Biophysics<\/strong>, Florida State University, Tallahassee, FL (2016)<br \/>\n<strong>M.Sc. Biochemistry<\/strong>, University of S\u00e3o Paulo, S\u00e3o Paulo, Brazil (2010)<br \/>\n<strong>B.S. Chemistry<\/strong>, University of S\u00e3o Paulo, S\u00e3o Paulo, Brazil (2008)<\/p>\n<\/div><\/div><\/div><\/div><div id=\"pg-34-1\"  class=\"panel-grid panel-no-style\" ><div id=\"pgc-34-1-0\"  class=\"panel-grid-cell\" ><div id=\"panel-34-1-0-0\" class=\"so-panel widget widget_black-studio-tinymce widget_black_studio_tinymce panel-first-child panel-last-child\" data-index=\"2\" ><div class=\"textwidget\"><p style=\"text-align: center;\" data-wp-editing=\"1\"><a href=\"https:\/\/health.uconn.edu\/paulino-lab\/wp-content\/uploads\/sites\/298\/2024\/10\/kbruder-scaled.jpg\"><img loading=\"lazy\" decoding=\"async\" src=\"https:\/\/health.uconn.edu\/paulino-lab\/wp-content\/uploads\/sites\/298\/2024\/10\/kbruder-768x1024.jpg\" alt=\"\" width=\"640\" height=\"853\" class=\"alignnone wp-image-225 size-large\" srcset=\"https:\/\/health.uconn.edu\/paulino-lab\/wp-content\/uploads\/sites\/298\/2024\/10\/kbruder-768x1024.jpg 768w, https:\/\/health.uconn.edu\/paulino-lab\/wp-content\/uploads\/sites\/298\/2024\/10\/kbruder-225x300.jpg 225w, https:\/\/health.uconn.edu\/paulino-lab\/wp-content\/uploads\/sites\/298\/2024\/10\/kbruder-1152x1536.jpg 1152w, https:\/\/health.uconn.edu\/paulino-lab\/wp-content\/uploads\/sites\/298\/2024\/10\/kbruder-1536x2048.jpg 1536w, https:\/\/health.uconn.edu\/paulino-lab\/wp-content\/uploads\/sites\/298\/2024\/10\/kbruder-scaled.jpg 1920w\" sizes=\"(max-width: 640px) 100vw, 640px\" \/><\/a><\/p>\n<p data-wp-editing=\"1\">\n<p data-wp-editing=\"1\"><strong>Kate Bruder, B.S.<\/strong><\/p>\n<p data-wp-editing=\"1\">Post-baccalaureate student<\/p>\n<\/div><\/div><\/div><div id=\"pgc-34-1-1\"  class=\"panel-grid-cell\" ><div id=\"panel-34-1-1-0\" class=\"so-panel widget widget_black-studio-tinymce widget_black_studio_tinymce panel-first-child panel-last-child\" data-index=\"3\" ><div class=\"textwidget\"><h3>Education and Training<\/h3>\n<p dir=\"auto\"><strong>B.S. Structural Biology and Biophyiscs,<\/strong> University of Connecticut, Storrs, CT<\/p>\n<p dir=\"auto\"><strong>B.A. Mathematics,<\/strong> University of Connecticut, Storrs, CT<\/p>\n<p dir=\"auto\"><strong>Research Assistant in Kumar Lab,<\/strong> University of Connecticut, Storrs, CT<\/p>\n<\/div><\/div><\/div><\/div><div id=\"pg-34-2\"  class=\"panel-grid panel-no-style\" ><div id=\"pgc-34-2-0\"  class=\"panel-grid-cell panel-grid-cell-empty panel-grid-cell-mobile-last\" ><\/div><div id=\"pgc-34-2-1\"  class=\"panel-grid-cell panel-grid-cell-empty\" ><\/div><\/div><div id=\"pg-34-3\"  class=\"panel-grid panel-no-style\" ><div id=\"pgc-34-3-0\"  class=\"panel-grid-cell\" ><div id=\"panel-34-3-0-0\" class=\"so-panel widget widget_black-studio-tinymce widget_black_studio_tinymce panel-first-child panel-last-child\" data-index=\"4\" ><div class=\"textwidget\"><p style=\"text-align: center;\" data-wp-editing=\"1\"><strong>You Here!<\/strong><br \/>\n<a href=\"https:\/\/health.uconn.edu\/paulino-lab\/wp-content\/uploads\/sites\/298\/2025\/04\/johnatan.png\"><img loading=\"lazy\" decoding=\"async\" src=\"https:\/\/health.uconn.edu\/paulino-lab\/wp-content\/uploads\/sites\/298\/2025\/04\/johnatan-169x300.png\" alt=\"\" width=\"169\" height=\"300\" class=\"alignnone size-medium wp-image-232\" srcset=\"https:\/\/health.uconn.edu\/paulino-lab\/wp-content\/uploads\/sites\/298\/2025\/04\/johnatan-169x300.png 169w, https:\/\/health.uconn.edu\/paulino-lab\/wp-content\/uploads\/sites\/298\/2025\/04\/johnatan-576x1024.png 576w, https:\/\/health.uconn.edu\/paulino-lab\/wp-content\/uploads\/sites\/298\/2025\/04\/johnatan.png 608w\" sizes=\"(max-width: 169px) 100vw, 169px\" \/><\/a><\/p>\n<\/div><\/div><\/div><div id=\"pgc-34-3-1\"  class=\"panel-grid-cell\" ><div id=\"panel-34-3-1-0\" class=\"so-panel widget widget_black-studio-tinymce widget_black_studio_tinymce panel-first-child panel-last-child\" data-index=\"5\" ><div class=\"textwidget\"><\/div><\/div><\/div><\/div><\/div>","protected":false},"excerpt":{"rendered":"<p>Joana Paulino, Ph.D. Assistant Professor Education and Training Postdoctoral Researcher, University of California San Francisco, San Francisco, CA (2019-2024) Postdoctoral Associate, National High Magnetic Field Laboratory, Tallahassee, FL (2017-2019) Ph.D. Molecular Biophysics, Florida State University, Tallahassee, FL (2016) M.Sc. Biochemistry, University of S\u00e3o Paulo, S\u00e3o Paulo, Brazil (2010) B.S. Chemistry, University of S\u00e3o Paulo, S\u00e3o [&hellip;]<\/p>\n","protected":false},"author":38,"featured_media":0,"parent":0,"menu_order":0,"comment_status":"closed","ping_status":"closed","template":"","meta":{"_acf_changed":false,"footnotes":""},"acf":[],"publishpress_future_action":{"enabled":false,"date":"2026-04-11 14:53:32","action":"change-status","newStatus":"draft","terms":[],"taxonomy":""},"_links":{"self":[{"href":"https:\/\/health.uconn.edu\/paulino-lab\/wp-json\/wp\/v2\/pages\/34"}],"collection":[{"href":"https:\/\/health.uconn.edu\/paulino-lab\/wp-json\/wp\/v2\/pages"}],"about":[{"href":"https:\/\/health.uconn.edu\/paulino-lab\/wp-json\/wp\/v2\/types\/page"}],"author":[{"embeddable":true,"href":"https:\/\/health.uconn.edu\/paulino-lab\/wp-json\/wp\/v2\/users\/38"}],"replies":[{"embeddable":true,"href":"https:\/\/health.uconn.edu\/paulino-lab\/wp-json\/wp\/v2\/comments?post=34"}],"version-history":[{"count":25,"href":"https:\/\/health.uconn.edu\/paulino-lab\/wp-json\/wp\/v2\/pages\/34\/revisions"}],"predecessor-version":[{"id":233,"href":"https:\/\/health.uconn.edu\/paulino-lab\/wp-json\/wp\/v2\/pages\/34\/revisions\/233"}],"wp:attachment":[{"href":"https:\/\/health.uconn.edu\/paulino-lab\/wp-json\/wp\/v2\/media?parent=34"}],"curies":[{"name":"wp","href":"https:\/\/api.w.org\/{rel}","templated":true}]}}