{"id":12,"date":"2021-11-11T13:17:12","date_gmt":"2021-11-11T18:17:12","guid":{"rendered":"https:\/\/health.uconn.edu\/li-lab\/?page_id=12"},"modified":"2022-12-02T11:47:28","modified_gmt":"2022-12-02T16:47:28","slug":"publications","status":"publish","type":"page","link":"https:\/\/health.uconn.edu\/li-lab\/publications\/","title":{"rendered":"Publications"},"content":{"rendered":"<div id=\"pl-12\"  class=\"panel-layout\" ><div id=\"pg-12-0\"  class=\"panel-grid panel-no-style\" ><div id=\"pgc-12-0-0\"  class=\"panel-grid-cell\" ><div id=\"panel-12-0-0-0\" class=\"so-panel widget widget_black-studio-tinymce widget_black_studio_tinymce panel-first-child panel-last-child\" data-index=\"0\" ><div class=\"textwidget\"><h2>Preprint Articles<\/h2>\n<ul>\n<li class=\"ui-corner-top\"><a href=\"https:\/\/www.biorxiv.org\/content\/10.1101\/2021.08.08.455565v1\" target=\"_blank\" rel=\"noopener\">Integrated single-cell transcriptomic and epigenetic analyses of cell-state transition and lineage commitment in the embryonic mouse cerebellum<\/a>\n<div><span id=\"publication-authors\">Nagham Khouri-Farah, Qiuxia Guo, Kerry Morgan, Jihye Shin, and James Y.H. Li.<\/span> <strong><em><span id=\"publication-journal\">bioRxiv<\/span><\/em><\/strong>\u00a0<span id=\"publication-year\">August 2021<\/span><\/div>\n<\/li>\n<\/ul>\n<h2>Peer-Reviewed Articles<\/h2>\n<ul>\n<li class=\"ui-corner-top\"><a href=\"https:\/\/www.science.org\/doi\/10.1126\/sciadv.abl9156?url_ver=Z39.88-2003&amp;rfr_id=ori:rid:crossref.org&amp;rfr_dat=cr_pub%20%200pubmed\">Integrated single-cell transcriptomic and epigenetic analyses of cell-state transition and lineage commitment in the embryonic mouse cerebellum<\/a>\n<div><span id=\"publication-authors\">Nagham Khouri-Farah, Qiuxia Guo, Kerry Morgan, Jihye Shin, and James Y.H. Li.<\/span> <strong><em><span id=\"publication-journal\">Sciences Advances<\/span><\/em><\/strong> <span>2022 April.<\/span><\/div>\n<\/li>\n<li class=\"ui-corner-top\"><a href=\"https:\/\/www.frontiersin.org\/articles\/10.3389\/fgene.2021.681206\/full\" target=\"_blank\" rel=\"noopener\">LISA2: Learning Complex Single-Cell Trajectory and Expression Trends<\/a>\n<div><span id=\"publication-authors\">Yang Chen, Yuping Zhang, James Y. H. Li, and Zhengqing Ouyang.<\/span> <strong><em><span id=\"publication-journal\">Frontiers in Genetics<\/span><\/em><\/strong> <span id=\"publication-year\">2021 August<\/span><\/div>\n<\/li>\n<li class=\"ui-corner-top\"><a href=\"http:\/\/www.ncbi.nlm.nih.gov\/pubmed\/30972783\" target=\"_blank\" rel=\"noopener\">An adherent-cell depletion technique to generate human neural progenitors and neurons.<\/a>\n<div><span id=\"publication-authors\">Leung, Alan W; Li, James Y H,<\/span> <em><strong><span id=\"publication-journal\">Journal of Cellular Physiology<\/span><\/strong><\/em> <span id=\"publication-year\">2019 Nov;<\/span><span id=\"publication-volume\">234<\/span><span id=\"publication-issue\">(11):<\/span><span id=\"publication-pages\">19933-19941<\/span><\/div>\n<\/li>\n<li class=\"ui-corner-top\"><a href=\"http:\/\/www.ncbi.nlm.nih.gov\/pubmed\/30872278\" target=\"_blank\" rel=\"noopener\">Defining developmental diversification of diencephalon neurons through single cell gene expression profiling.<\/a>\n<div><span id=\"publication-authors\">Guo, Qiuxia; Li, James Y H.<\/span> <span id=\"publication-journal\"><strong><em>Development<\/em><\/strong> (Cambridge, England)<\/span> <span id=\"publication-year\">2019 Apr;<\/span><span id=\"publication-volume\">146<\/span><span id=\"publication-issue\">(12):<\/span><span id=\"publication-pages\"><\/span><\/div>\n<\/li>\n<li class=\"ui-corner-top\"><a href=\"http:\/\/www.ncbi.nlm.nih.gov\/pubmed\/30735127\" target=\"_blank\" rel=\"noopener\">Specification of diverse cell types during early neurogenesis of the mouse cerebellum.<\/a>\n<div><span id=\"publication-authors\">Wizeman, John W; Guo, Qiuxia; Wilion, Elliot M; Li, James YH.<\/span>\u00a0<strong><em><span id=\"publication-journal\">eLife<\/span><\/em><\/strong> <span id=\"publication-year\">2019 Feb;<\/span><span id=\"publication-volume\">8<\/span><span id=\"publication-issue\"><\/span><span id=\"publication-pages\"><\/span><\/div>\n<\/li>\n<li class=\"ui-corner-top\"><a href=\"http:\/\/www.ncbi.nlm.nih.gov\/pubmed\/30338292\" target=\"_blank\" rel=\"noopener\">Mitochondrial oxidation of the carbohydrate fuel is required for neural precursor\/stem cell function and postnatal cerebellar development.<\/a>\n<div><span id=\"publication-authors\">Zheng, Hong; Yu, Wen-Mei; Shen, Jinhua; Kang, Sumin; Hambardzumyan, Dolores; Li, James Y; Shen, Yuxian; Kenney, Anna M; Chen, Jing; Qu, Cheng-Kui.\u00a0<\/span><strong><em><span id=\"publication-journal\">Science Advances<\/span><\/em><\/strong> <span id=\"publication-year\">2018 Oct;<\/span><span id=\"publication-volume\">4<\/span><span id=\"publication-issue\">(10):<\/span><span id=\"publication-pages\">eaat2681<\/span><\/div>\n<\/li>\n<li class=\"ui-corner-top\"><a href=\"http:\/\/www.ncbi.nlm.nih.gov\/pubmed\/29218544\" target=\"_blank\" rel=\"noopener\">The Molecular Pathway Regulating Bergmann Glia and Folia Generation in the Cerebellum.<\/a>\n<div><span id=\"publication-authors\">Leung, Alan W; Li, James YH.<\/span> <span id=\"publication-journal\"><strong><em>Cerebellum<\/em><\/strong> (London, England)<\/span> <span id=\"publication-year\">2017 Dec;<\/span><span id=\"publication-volume\">17<\/span><span id=\"publication-issue\"><\/span><span id=\"publication-pages\">42-48<\/span><\/div>\n<\/li>\n<li class=\"ui-corner-top\"><a href=\"http:\/\/www.ncbi.nlm.nih.gov\/pubmed\/28489004\" target=\"_blank\" rel=\"noopener\">Analogous mechanism regulating formation of neocortical basal radial glia and cerebellar Bergmann glia.<\/a>\n<div><span id=\"publication-authors\">Heng, Xin; Guo, Qiuxia; Leung, Alan W; Li, James YH<\/span>\u00a0<strong><em><span id=\"publication-journal\">eLife<\/span><\/em><\/strong> <span id=\"publication-year\">2017 May;<\/span><span id=\"publication-volume\">6<\/span><span id=\"publication-issue\"><\/span><span id=\"publication-pages\"><\/span><\/div>\n<\/li>\n<li class=\"ui-corner-top\"><a href=\"http:\/\/www.ncbi.nlm.nih.gov\/pubmed\/27578777\" target=\"_blank\" rel=\"noopener\">Regulation of self-renewing neural progenitors by FGF-ERK signaling controls formation of the inferior colliculus.<\/a>\n<div><span id=\"publication-authors\">Dee, Alexander; Li, Kairong; Heng, Xin; Guo, Qiuxia; Li, James YH.<\/span> <span id=\"publication-journal\"><strong><em>Development<\/em><\/strong> (Cambridge, England)<\/span> <span id=\"publication-year\">2016 Aug;<\/span><span id=\"publication-volume\">143<\/span><span id=\"publication-issue\"><\/span><span id=\"publication-pages\">3661-3673<\/span><\/div>\n<\/li>\n<li class=\"ui-corner-top\"><a href=\"http:\/\/www.ncbi.nlm.nih.gov\/pubmed\/26297811\" target=\"_blank\" rel=\"noopener\">Gbx2 is essential for maintaining thalamic neuron identity and repressing habenular characters in the developing thalamus.<\/a>\n<div><span id=\"publication-authors\">Mallika, Chatterjee; Guo, Qiuxia; Li, James YH.<\/span> <strong><em><span id=\"publication-journal\">Developmental Biology<\/span><\/em><\/strong> <span id=\"publication-year\">2015 Aug;<\/span><span id=\"publication-volume\">407<\/span><span id=\"publication-issue\">(1):<\/span><span id=\"publication-pages\">26-39<\/span><\/div>\n<\/li>\n<li class=\"ui-corner-top\"><a href=\"http:\/\/www.ncbi.nlm.nih.gov\/pubmed\/26195727\" target=\"_blank\" rel=\"noopener\">T cell development involves TRAF3IP3-mediated ERK signaling in the Golgi.<\/a>\n<div><span id=\"publication-authors\">Zou, Qiang; Jin, Jin; Xiao, Yichuan; Hu, Hongbo; Zhou, Xiaofei; Jie, Zuliang; Xie, Xiaoping; Li, James Y H; Cheng, Xuhong; Sun, Shao-Cong.<\/span> <strong><em><span id=\"publication-journal\">The Journal of Experimental Medicine<\/span><\/em><\/strong> <span id=\"publication-year\">2015 Jul;<\/span><span id=\"publication-volume\">212<\/span><span id=\"publication-issue\">(8):<\/span><span id=\"publication-pages\">1323-36<\/span><\/div>\n<\/li>\n<li class=\"ui-corner-top\"><a href=\"http:\/\/www.ncbi.nlm.nih.gov\/pubmed\/25592224\" target=\"_blank\" rel=\"noopener\">The cochlear sensory epithelium derives from Wnt responsive cells in the dorsomedial otic cup.<\/a>\n<div><span id=\"publication-authors\">Brown, Alexander S; Rakowiecki, Staci M; Li, James YH; Epstein, Douglas J<\/span> <strong><em><span id=\"publication-journal\">Developmental Biology<\/span><\/em><\/strong> <span id=\"publication-year\">2015 Jan;<\/span><span id=\"publication-volume\">399<\/span><span id=\"publication-issue\">(1):<\/span><span id=\"publication-pages\">177-87<\/span><\/div>\n<\/li>\n<li class=\"ui-corner-top\"><a href=\"http:\/\/www.ncbi.nlm.nih.gov\/pubmed\/24528677\" target=\"_blank\" rel=\"noopener\">Pax6 regulates the formation of the habenular nuclei by controlling the temporospatial expression of Shh in the diencephalon in vertebrates.<\/a>\n<div><span id=\"publication-authors\">Chatterjee, Mallika; Guo, Qiuxia; Weber, Sabrina; Scholpp, Steffen; Li, James YH.<\/span>\u00a0<strong><em><span id=\"publication-journal\">BMC Biology<\/span><\/em><\/strong> <span id=\"publication-year\">2014 Feb;<\/span><span id=\"publication-volume\">12<\/span><span id=\"publication-issue\">(13):<\/span><span id=\"publication-pages\">13<\/span><\/div>\n<\/li>\n<li class=\"ui-corner-top\"><a href=\"http:\/\/www.ncbi.nlm.nih.gov\/pubmed\/24431450\" target=\"_blank\" rel=\"noopener\">Shp2-dependent ERK signaling is essential for induction of Bergmann glia and foliation of the cerebellum.<\/a>\n<div><span id=\"publication-authors\">Li, Kairong; Leung, Alan W; Guo, Qiuxia; Yang, Wentian; Li, James YH.<\/span> <span id=\"publication-journal\"><strong><em>The Journal of Neuroscience<\/em><\/strong> : the official journal of the Society for Neuroscience<\/span> <span id=\"publication-year\">2014 Jan;<\/span><span id=\"publication-volume\">34<\/span><span id=\"publication-issue\">(3):<\/span><span id=\"publication-pages\">922-31<\/span><\/div>\n<\/li>\n<li class=\"ui-corner-top\"><a href=\"http:\/\/www.ncbi.nlm.nih.gov\/pubmed\/23643939\" target=\"_blank\" rel=\"noopener\">Differential BMP signaling controls formation and differentiation of multipotent preplacodal ectoderm progenitors from human embryonic stem cells.<\/a>\n<div><span id=\"publication-authors\">Leung, Alan W; Kent Morest, D; Li, James YH.<\/span> <strong><em><span id=\"publication-journal\">Developmental Biology<\/span><\/em><\/strong> <span id=\"publication-year\">2013 Jul;<\/span><span id=\"publication-volume\">379<\/span><span id=\"publication-issue\">(2):<\/span><span id=\"publication-pages\">208-20<\/span><\/div>\n<\/li>\n<li class=\"ui-corner-top\"><a href=\"http:\/\/www.ncbi.nlm.nih.gov\/pubmed\/23136391\" target=\"_blank\" rel=\"noopener\">Gbx2 regulates thalamocortical axon guidance by modifying the LIM and Robo codes.<\/a>\n<div><span id=\"publication-authors\">Chatterjee, Mallika; Li, Kairong; Chen, Li; Maisano, Xu; Guo, Qiuxia; Gan, Lin; Li, James YH.<\/span> <span id=\"publication-journal\"><strong><em>Development<\/em><\/strong> (Cambridge, England)<\/span> <span id=\"publication-year\">2012 Dec;<\/span><span id=\"publication-volume\">139<\/span><span id=\"publication-issue\">(24):<\/span><span id=\"publication-pages\">4633-43<\/span><\/div>\n<\/li>\n<li class=\"ui-corner-top\"><a href=\"http:\/\/www.ncbi.nlm.nih.gov\/pubmed\/22627282\" target=\"_blank\" rel=\"noopener\">Distinct developmental origins and regulatory mechanisms for GABAergic neurons associated with dopaminergic nuclei in the ventral mesodiencephalic region.<\/a>\n<div><span id=\"publication-authors\">Achim, Kaia; Peltopuro, Paula; Lahti, Laura; Li, James; Salminen, Marjo; Partanen, Juha.<\/span> <span id=\"publication-journal\"><strong><em>Development<\/em><\/strong> (Cambridge, England)<\/span> <span id=\"publication-year\">2012 Jul;<\/span><span id=\"publication-volume\">139<\/span><span id=\"publication-issue\">(13):<\/span><span id=\"publication-pages\">2360-70<\/span><\/div>\n<\/li>\n<li class=\"ui-corner-top\"><a href=\"http:\/\/www.ncbi.nlm.nih.gov\/pubmed\/22457488\" target=\"_blank\" rel=\"noopener\">The lhx2 transcription factor controls thalamocortical axonal guidance by specific regulation of robo1 and robo2 receptors.<\/a>\n<div><span id=\"publication-authors\">Marcos-Mond\u00e9jar, Paula; Peregr\u00edn, Sandra; Li, James Y; Carlsson, Leif; Tole, Shubha; L\u00f3pez-Bendito, Guillermina<\/span> <span id=\"publication-journal\"><strong><em>The Journal of Neuroscience<\/em><\/strong> : the official journal of the Society for Neuroscience<\/span> <span id=\"publication-year\">2012 Mar;<\/span><span id=\"publication-volume\">32<\/span><span id=\"publication-issue\">(13):<\/span><span id=\"publication-pages\">4372-85<\/span><\/div>\n<\/li>\n<li class=\"ui-corner-top\"><a href=\"http:\/\/www.ncbi.nlm.nih.gov\/pubmed\/23056596\" target=\"_blank\" rel=\"noopener\">Gbx2 plays an essential but transient role in the formation of thalamic nuclei.<\/a>\n<div><span id=\"publication-authors\">Li, Kairong; Zhang, Jiaqing; Li, James YH<\/span> <strong><em><span id=\"publication-journal\">PloS One<\/span><\/em><\/strong> <span id=\"publication-year\">2012 Jan;<\/span><span id=\"publication-volume\">7<\/span><span id=\"publication-issue\">(10):<\/span><span id=\"publication-pages\">e47111<\/span><\/div>\n<\/li>\n<li class=\"ui-corner-top\"><a href=\"http:\/\/www.ncbi.nlm.nih.gov\/pubmed\/22593732\" target=\"_blank\" rel=\"noopener\">Patterning and compartment formation in the diencephalon.<\/a>\n<div><span id=\"publication-authors\">Chatterjee, Mallika; Li, James YH.<\/span> <strong><em><span id=\"publication-journal\">Frontiers in Neuroscience<\/span><\/em><\/strong> <span id=\"publication-year\">2012 Jan;<\/span><span id=\"publication-volume\">6<\/span><span id=\"publication-issue\"><\/span><span id=\"publication-pages\">66<\/span><\/div>\n<\/li>\n<li class=\"ui-corner-top\"><a href=\"http:\/\/www.ncbi.nlm.nih.gov\/pubmed\/21506104\" target=\"_blank\" rel=\"noopener\">Numerous isoforms of Fgf8 reflect its multiple roles in the developing brain.<\/a>\n<div><span id=\"publication-authors\">Sunmonu, N Abimbola; Li, Kairong; Li, James YH.<\/span> <strong><em><span id=\"publication-journal\">Journal of Cellular Physiology<\/span><\/em><\/strong> <span id=\"publication-year\">2011 Jul;<\/span><span id=\"publication-volume\">226<\/span><span id=\"publication-issue\">(7):<\/span><span id=\"publication-pages\">1722-6<\/span><\/div>\n<\/li>\n<li class=\"ui-corner-top\"><a href=\"http:\/\/www.ncbi.nlm.nih.gov\/pubmed\/21266408\" target=\"_blank\" rel=\"noopener\">Gbx2 and Fgf8 are sequentially required for formation of the midbrain-hindbrain compartment boundary.<\/a>\n<div><span id=\"publication-authors\">Sunmonu, N Abimbola; Li, Kairong; Guo, Qiuxia; Li, James YH.<\/span> <span id=\"publication-journal\"><strong><em>Development<\/em><\/strong> (Cambridge, England)<\/span> <span id=\"publication-year\">2011 Feb;<\/span><span id=\"publication-volume\">138<\/span><span id=\"publication-issue\">(4):<\/span><span id=\"publication-pages\">725-34<\/span><\/div>\n<\/li>\n<li class=\"ui-corner-top\"><a href=\"http:\/\/www.ncbi.nlm.nih.gov\/pubmed\/21048141\" target=\"_blank\" rel=\"noopener\">The mouse homeobox gene Gbx2 is required for the development of cholinergic interneurons in the striatum.<\/a>\n<div><span id=\"publication-authors\">Chen, Li; Chatterjee, Mallika; Li, James YH.<\/span> <span id=\"publication-journal\"><strong><em>The Journal of Neuroscience<\/em> <\/strong>: the official journal of the Society for Neuroscience<\/span> <span id=\"publication-year\">2010 Nov;<\/span><span id=\"publication-volume\">30<\/span><span id=\"publication-issue\">(44):<\/span><span id=\"publication-pages\">14824-34<\/span><\/div>\n<\/li>\n<li class=\"ui-corner-top\"><a href=\"http:\/\/www.ncbi.nlm.nih.gov\/pubmed\/19968985\" target=\"_blank\" rel=\"noopener\">Fgf8b-containing spliceforms, but not Fgf8a, are essential for Fgf8 function during development of the midbrain and cerebellum.<\/a>\n<div><span id=\"publication-authors\">Guo, Qiuxia; Li, Kairong; Sunmonu, N Abimbola; Li, James YH.<\/span> <strong><em><span id=\"publication-journal\">Developmental Biology<\/span><\/em><\/strong> <span id=\"publication-year\">2010 Feb;<\/span><span id=\"publication-volume\">338<\/span><span id=\"publication-issue\">(2):<\/span><span id=\"publication-pages\">183-92<\/span><\/div>\n<\/li>\n<li class=\"ui-corner-top\"><a href=\"http:\/\/www.ncbi.nlm.nih.gov\/pmc\/articles\/PMC2815264\/\" target=\"_blank\" rel=\"noopener\">Fgf8b, but not Fgf8a, is essential for Fgf8 signaling in the development of the mid-hindbrain.<\/a>\n<div><span id=\"publication-authors\">Guo, Q.X., Li, K.R., Sunmonu, N.A., and Li, J.YH. <strong><em><span id=\"publication-journal\">Developmental Biology<\/span><\/em><\/strong><\/span><span id=\"publication-journal\">\u00a0<\/span><span id=\"publication-year\">2010 Jan;<\/span><span id=\"publication-volume\">338<\/span><span id=\"publication-issue\"><\/span><span id=\"publication-pages\">183-192<\/span><\/div>\n<\/li>\n<li class=\"ui-corner-top\"><a href=\"http:\/\/www.ncbi.nlm.nih.gov\/pubmed\/19603509\" target=\"_blank\" rel=\"noopener\">Misexpression of Gbx2 throughout the mesencephalon by a conditional gain-of-function transgene leads to deletion of the midbrain and cerebellum in mice.<\/a>\n<div><span id=\"publication-authors\">Sunmonu, N Abimbola; Chen, Li; Li, James YH.<\/span> <span id=\"publication-journal\"><strong><em>Genesis<\/em><\/strong> (New York, N.Y. : 2000)<\/span> <span id=\"publication-year\">2009 Oct;<\/span><span id=\"publication-volume\">47<\/span><span id=\"publication-issue\">(10):<\/span><span id=\"publication-pages\">667-73<\/span><\/div>\n<\/li>\n<li class=\"ui-corner-top\"><a href=\"http:\/\/www.ncbi.nlm.nih.gov\/pubmed\/19279136\" target=\"_blank\" rel=\"noopener\">Transcription factor Gbx2 acts cell-nonautonomously to regulate the formation of lineage-restriction boundaries of the thalamus.<\/a>\n<div><span id=\"publication-authors\">Chen, Li; Guo, Qiuxia; Li, James YH.<\/span> <span id=\"publication-journal\"><strong><em>Development<\/em><\/strong> (Cambridge, England)<\/span> <span id=\"publication-year\">2009 Apr;<\/span><span id=\"publication-volume\">136<\/span><span id=\"publication-issue\">(8):<\/span><span id=\"publication-pages\">1317-26<\/span><\/div>\n<\/li>\n<li class=\"ui-corner-top\"><a href=\"http:\/\/www.ncbi.nlm.nih.gov\/pubmed\/17507393\" target=\"_blank\" rel=\"noopener\">Distinct functions of the major Fgf8 spliceform, Fgf8b, before and during mouse gastrulation.<\/a>\n<div><span id=\"publication-authors\">Guo, Qiuxia; Li, James YH.<\/span> <span id=\"publication-journal\"><em>Development<\/em> (Cambridge, England)<\/span> <span id=\"publication-year\">2007 Jun;<\/span><span id=\"publication-volume\">134<\/span><span id=\"publication-issue\">(12):<\/span><span id=\"publication-pages\">2251-60<\/span><\/div>\n<\/li>\n<li class=\"ui-corner-top\"><a href=\"http:\/\/www.ncbi.nlm.nih.gov\/pubmed\/16384934\" target=\"_blank\" rel=\"noopener\">Structural basis by which alternative splicing modulates the organizer activity of FGF8 in the brain.<\/a>\n<div><span id=\"publication-authors\">Olsen, Shaun K; Li, James YH; Bromleigh, Carrie; Eliseenkova, Anna V; Ibrahimi, Omar A; Lao, Zhimin; Zhang, Fuming; Linhardt, Robert J; Joyner, Alexandra L; Mohammadi, Moosa.<\/span> <strong><em><span id=\"publication-journal\">Genes &amp; Development<\/span><\/em><\/strong> <span id=\"publication-year\">2006 Jan;<\/span><span id=\"publication-volume\">20<\/span><span id=\"publication-issue\">(2):<\/span><span id=\"publication-pages\">185-98<\/span><\/div>\n<\/li>\n<li class=\"ui-corner-top\"><a href=\"http:\/\/www.ncbi.nlm.nih.gov\/pubmed\/15790971\" target=\"_blank\" rel=\"noopener\">New regulatory interactions and cellular responses in the isthmic organizer region revealed by altering Gbx2 expression.<\/a>\n<div><span id=\"publication-authors\">Li, James YH; Lao, Zhimin; Joyner, Alexandra L.<\/span> <span id=\"publication-journal\"><strong><em>Development<\/em><\/strong> (Cambridge, England)<\/span> <span id=\"publication-year\">2005 Apr;<\/span><span id=\"publication-volume\">132<\/span><span id=\"publication-issue\">(8):<\/span><span id=\"publication-pages\">1971-81<\/span><\/div>\n<\/li>\n<li class=\"ui-corner-top\"><a href=\"http:\/\/www.ncbi.nlm.nih.gov\/pubmed\/14602678\" target=\"_blank\" rel=\"noopener\">FGF17b and FGF18 have different midbrain regulatory properties from FGF8b or activated FGF receptors.<\/a>\n<div><span id=\"publication-authors\">Liu, Aimin; Li, James Y H; Bromleigh, Carrie; Lao, Zhimin; Niswander, Lee A; Joyner, Alexandra L.<\/span> <span id=\"publication-journal\"><strong><em>Development<\/em><\/strong> (Cambridge, England)<\/span> <span id=\"publication-year\">2003 Dec;<\/span><span id=\"publication-volume\">130<\/span><span id=\"publication-issue\">(25):<\/span><span id=\"publication-pages\">6175-85<\/span><\/div>\n<\/li>\n<li class=\"ui-corner-top\"><a href=\"http:\/\/www.ncbi.nlm.nih.gov\/pubmed\/12367504\" target=\"_blank\" rel=\"noopener\">Changing requirements for Gbx2 in development of the cerebellum and maintenance of the mid\/hindbrain organizer.<\/a>\n<div><span id=\"publication-authors\">Li, James YH; Lao, Zhimin; Joyner, Alexandra L.<\/span> <strong><em><span id=\"publication-journal\">Neuron<\/span><\/em><\/strong> <span id=\"publication-year\">2002 Sep;<\/span><span id=\"publication-volume\">36<\/span><span id=\"publication-issue\">(1):<\/span><span id=\"publication-pages\">31-43<\/span><\/div>\n<\/li>\n<li class=\"ui-corner-top\"><a href=\"http:\/\/www.ncbi.nlm.nih.gov\/pubmed\/11748135\" target=\"_blank\" rel=\"noopener\">Otx2 and Gbx2 are required for refinement and not induction of mid-hindbrain gene expression.<\/a>\n<div><span id=\"publication-authors\">Li, J Y; Joyner, A L.<\/span> <span id=\"publication-journal\"><strong><em>Development<\/em><\/strong> (Cambridge, England)<\/span> <span id=\"publication-year\">2001 Dec;<\/span><span id=\"publication-volume\">128<\/span><span id=\"publication-issue\">(24):<\/span><span id=\"publication-pages\">4979-91<\/span><\/div>\n<\/li>\n<\/ul>\n<\/div><\/div><\/div><\/div><\/div>","protected":false},"excerpt":{"rendered":"<p>Preprint Articles Integrated single-cell transcriptomic and epigenetic analyses of cell-state transition and lineage commitment in the embryonic mouse cerebellum Nagham Khouri-Farah, Qiuxia Guo, Kerry Morgan, Jihye Shin, and James Y.H. Li. bioRxiv\u00a0August 2021 Peer-Reviewed Articles Integrated single-cell transcriptomic and epigenetic analyses of cell-state transition and lineage commitment in the embryonic mouse cerebellum Nagham Khouri-Farah, Qiuxia [&hellip;]<\/p>\n","protected":false},"author":39,"featured_media":0,"parent":0,"menu_order":0,"comment_status":"closed","ping_status":"closed","template":"","meta":{"_acf_changed":false,"footnotes":""},"acf":[],"publishpress_future_action":{"enabled":false,"date":"2026-05-18 03:51:07","action":"change-status","newStatus":"draft","terms":[],"taxonomy":""},"_links":{"self":[{"href":"https:\/\/health.uconn.edu\/li-lab\/wp-json\/wp\/v2\/pages\/12"}],"collection":[{"href":"https:\/\/health.uconn.edu\/li-lab\/wp-json\/wp\/v2\/pages"}],"about":[{"href":"https:\/\/health.uconn.edu\/li-lab\/wp-json\/wp\/v2\/types\/page"}],"author":[{"embeddable":true,"href":"https:\/\/health.uconn.edu\/li-lab\/wp-json\/wp\/v2\/users\/39"}],"replies":[{"embeddable":true,"href":"https:\/\/health.uconn.edu\/li-lab\/wp-json\/wp\/v2\/comments?post=12"}],"version-history":[{"count":22,"href":"https:\/\/health.uconn.edu\/li-lab\/wp-json\/wp\/v2\/pages\/12\/revisions"}],"predecessor-version":[{"id":355,"href":"https:\/\/health.uconn.edu\/li-lab\/wp-json\/wp\/v2\/pages\/12\/revisions\/355"}],"wp:attachment":[{"href":"https:\/\/health.uconn.edu\/li-lab\/wp-json\/wp\/v2\/media?parent=12"}],"curies":[{"name":"wp","href":"https:\/\/api.w.org\/{rel}","templated":true}]}}