{"id":280,"date":"2020-11-20T17:49:57","date_gmt":"2020-11-20T22:49:57","guid":{"rendered":"https:\/\/health.uconn.edu\/contingency-management\/?page_id=280"},"modified":"2021-02-22T17:11:19","modified_gmt":"2021-02-22T22:11:19","slug":"280-2","status":"publish","type":"page","link":"https:\/\/health.uconn.edu\/contingency-management\/280-2\/","title":{"rendered":""},"content":{"rendered":"<h1 style=\"text-align: center\">Estudio de investigaci\u00f3n Empower<br \/>\nSe necesitan voluntarias<\/h1>\n<p>&nbsp;<\/p>\n<h2 style=\"padding-left: 40px\">Un estudio de las diferentes formas de promover conductas entre las mujeres, incluida la realizaci\u00f3n de pruebas de VIH<\/h2>\n<p>&nbsp;<\/p>\n<ul style=\"list-style-type: circle\">\n<li>\n<h4><span style=\"color: #000000\">Todas las participantes recibir\u00e1n instrucci\u00f3n a cargo de un\/a orientador\/a capacitado\/a para promover conductas saludables.<\/span><\/h4>\n<\/li>\n<li>\n<h4><span style=\"color: #000000\">Todas las participantes completar\u00e1n cuatro entrevistas en 15 meses y recibir\u00e1n hasta $210 por su tiempo.<\/span><\/h4>\n<\/li>\n<li>\n<h4><span style=\"color: #000000\">Algunas participantes podr\u00edan recibir $120 adicionales por las pruebas de VIH<\/span><\/h4>\n<\/li>\n<\/ul>\n<p>&nbsp;<\/p>\n<h3 style=\"text-align: center\"><span style=\"color: #000000\">\u00bfLE INTERESA?<\/span><br \/>\n<span style=\"color: #000000\">Llame o env\u00ede un mensaje de texto a Maria Ortiz al <a href=\"tel:959-202-1176\">959-202-1176<\/a> para una prueba confidencial<\/span><\/h3>\n<p>&nbsp;<\/p>\n<p>&nbsp;<\/p>\n<p style=\"text-align: right\">Estudio Empower<br \/>\nIRB n. \u00ba 19-018-1<br \/>\nIP: Kristyn Zajac, PhD<br \/>\nDepartamento de Medicina de<\/p>\n<p>&nbsp;<\/p>\n","protected":false},"excerpt":{"rendered":"<p>Estudio de investigaci\u00f3n Empower Se necesitan voluntarias &nbsp; Un estudio de las diferentes formas de promover conductas entre las mujeres, incluida la realizaci\u00f3n de pruebas de VIH &nbsp; Todas las participantes recibir\u00e1n instrucci\u00f3n a cargo de un\/a orientador\/a capacitado\/a para promover conductas saludables. Todas las participantes completar\u00e1n cuatro entrevistas en 15 meses y recibir\u00e1n hasta [&hellip;]<\/p>\n","protected":false},"author":1981,"featured_media":0,"parent":0,"menu_order":0,"comment_status":"closed","ping_status":"closed","template":"","meta":{"_acf_changed":false,"footnotes":""},"acf":[],"publishpress_future_action":{"enabled":false,"date":"2026-04-22 23:08:14","action":"change-status","newStatus":"draft","terms":[],"taxonomy":""},"_links":{"self":[{"href":"https:\/\/health.uconn.edu\/contingency-management\/wp-json\/wp\/v2\/pages\/280"}],"collection":[{"href":"https:\/\/health.uconn.edu\/contingency-management\/wp-json\/wp\/v2\/pages"}],"about":[{"href":"https:\/\/health.uconn.edu\/contingency-management\/wp-json\/wp\/v2\/types\/page"}],"author":[{"embeddable":true,"href":"https:\/\/health.uconn.edu\/contingency-management\/wp-json\/wp\/v2\/users\/1981"}],"replies":[{"embeddable":true,"href":"https:\/\/health.uconn.edu\/contingency-management\/wp-json\/wp\/v2\/comments?post=280"}],"version-history":[{"count":9,"href":"https:\/\/health.uconn.edu\/contingency-management\/wp-json\/wp\/v2\/pages\/280\/revisions"}],"predecessor-version":[{"id":310,"href":"https:\/\/health.uconn.edu\/contingency-management\/wp-json\/wp\/v2\/pages\/280\/revisions\/310"}],"wp:attachment":[{"href":"https:\/\/health.uconn.edu\/contingency-management\/wp-json\/wp\/v2\/media?parent=280"}],"curies":[{"name":"wp","href":"https:\/\/api.w.org\/{rel}","templated":true}]}}